{"id":14045,"date":"2023-04-03T09:17:54","date_gmt":"2023-04-03T07:17:54","guid":{"rendered":"https:\/\/nobis-printen.de\/reclamation\/"},"modified":"2023-04-03T09:17:54","modified_gmt":"2023-04-03T07:17:54","slug":"reclamation","status":"publish","type":"page","link":"https:\/\/nobis-printen.de\/fr\/reclamation\/","title":{"rendered":"R\u00e9clamation"},"content":{"rendered":"<div class=\"fusion-fullwidth fullwidth-box fusion-builder-row-1 fusion-flex-container nonhundred-percent-fullwidth non-hundred-percent-height-scrolling\" style=\"--awb-border-radius-top-left:0px;--awb-border-radius-top-right:0px;--awb-border-radius-bottom-right:0px;--awb-border-radius-bottom-left:0px;--awb-flex-wrap:wrap;\" ><div class=\"fusion-builder-row fusion-row fusion-flex-align-items-flex-start fusion-flex-content-wrap\" style=\"max-width:1268.8px;margin-left: calc(-4% \/ 2 );margin-right: calc(-4% \/ 2 );\"><div class=\"fusion-layout-column fusion_builder_column fusion-builder-column-0 fusion_builder_column_1_1 1_1 fusion-flex-column\" style=\"--awb-bg-size:cover;--awb-width-large:100%;--awb-margin-top-large:10px;--awb-spacing-right-large:1.92%;--awb-margin-bottom-large:10px;--awb-spacing-left-large:1.92%;--awb-width-medium:100%;--awb-order-medium:0;--awb-spacing-right-medium:1.92%;--awb-spacing-left-medium:1.92%;--awb-width-small:100%;--awb-order-small:0;--awb-spacing-right-small:1.92%;--awb-spacing-left-small:1.92%;\"><div class=\"fusion-column-wrapper fusion-column-has-shadow fusion-flex-justify-content-flex-start fusion-content-layout-column\"><div class=\"fusion-title title fusion-title-1 fusion-sep-none fusion-title-text fusion-title-size-one\" style=\"--awb-margin-top-small:25px;--awb-margin-right-small:0px;--awb-margin-bottom-small:16px;--awb-margin-left-small:0px;\"><h1 class=\"fusion-title-heading title-heading-left fusion-responsive-typography-calculated\" style=\"margin:0;--fontSize:45;line-height:1.22;\"><h1 style=\"text-align: left;\">Droit de retour\/r\u00e9clamation<\/h1><\/h1><\/div><div class=\"fusion-text fusion-text-1\"><div class=\"container link-content \">\n<p><b>Droit de r\u00e9tractation pour les consommateurs<\/b><\/p>\n<p>Vous avez le droit de vous r\u00e9tracter de ce contrat dans un d\u00e9lai de 14 jours sans donner de raison.<\/p>\n<p>Le d\u00e9lai de r\u00e9tractation est de 14 jours \u00e0 compter de la date \u00e0 laquelle vous, ou un tiers autre que le transporteur et d\u00e9sign\u00e9 par vous, avez pris possession des biens ou \u00e0 compter de la date \u00e0 laquelle vous, ou un tiers autre que le transporteur et d\u00e9sign\u00e9 par vous, avez pris possession du dernier bien.<\/p>\n<p>Pour exercer votre droit de r\u00e9tractation, vous devez informer Nobis Printen e.K., Charlottenburger Allee 30, 52068 Aix-la-Chapelle, t\u00e9l\u00e9phone : 0241\/968000, fax : 0241\/9680088, e-mail : info@nobisprinten.de de votre d\u00e9cision de vous r\u00e9tracter du pr\u00e9sent contrat au moyen d&rsquo;une d\u00e9claration d\u00e9nu\u00e9e d&rsquo;ambigu\u00eft\u00e9 (par ex. une lettre envoy\u00e9e par la poste, un fax ou un e-mail). Vous pouvez utiliser \u00e0 cet effet le mod\u00e8le de formulaire de r\u00e9tractation ci-joint, qui n&rsquo;est toutefois pas obligatoire.<\/p>\n<p>Pour que le d\u00e9lai de r\u00e9tractation soit respect\u00e9, il suffit que vous envoyiez la communication relative \u00e0 l&rsquo;exercice du droit de r\u00e9tractation avant l&rsquo;expiration du d\u00e9lai de r\u00e9tractation.<\/p>\n<p><b>Cons\u00e9quences de la r\u00e9vocation<\/b><\/p>\n<p>En cas de r\u00e9tractation du pr\u00e9sent contrat, nous vous rembourserons tous les paiements re\u00e7us de votre part, y compris les frais de livraison (\u00e0 l&rsquo;exception des frais suppl\u00e9mentaires d\u00e9coulant du fait que vous avez choisi un mode de livraison autre que le mode de livraison standard le moins cher que nous proposons), sans d\u00e9lai et au plus tard dans les 14 jours \u00e0 compter de la date \u00e0 laquelle nous avons re\u00e7u la notification de votre r\u00e9tractation du pr\u00e9sent contrat. Pour ce remboursement, nous utilisons le m\u00eame moyen de paiement que celui que vous avez utilis\u00e9 pour la transaction initiale, \u00e0 moins qu&rsquo;il n&rsquo;en ait \u00e9t\u00e9 express\u00e9ment convenu autrement avec vous ; en aucun cas, des frais ne vous seront factur\u00e9s pour ce remboursement. Nous pouvons refuser le remboursement jusqu&rsquo;\u00e0 ce que nous ayons r\u00e9cup\u00e9r\u00e9 les marchandises ou jusqu&rsquo;\u00e0 ce que vous ayez fourni la preuve que vous avez renvoy\u00e9 les marchandises, la date retenue \u00e9tant la plus proche.<\/p>\n<p>Vous devez nous renvoyer ou nous remettre les marchandises sans retard excessif et, en tout \u00e9tat de cause, au plus tard quatorze jours \u00e0 compter du jour o\u00f9 vous nous informez de votre d\u00e9cision de r\u00e9tractation du pr\u00e9sent contrat. Le d\u00e9lai est respect\u00e9 si vous renvoyez les marchandises avant l&rsquo;expiration du d\u00e9lai de 14 jours.<\/p>\n<p>Nous prenons en charge les frais de renvoi des marchandises.<\/p>\n<p>Vous n&rsquo;\u00eates tenu d&rsquo;assumer la responsabilit\u00e9 d&rsquo;une \u00e9ventuelle d\u00e9pr\u00e9ciation des biens que si cette d\u00e9pr\u00e9ciation est due \u00e0 une manipulation des biens qui n&rsquo;est pas n\u00e9cessaire pour en v\u00e9rifier la nature, les caract\u00e9ristiques et le fonctionnement.<\/p>\n<p><b>Exclusion du droit de r\u00e9tractation<\/b><\/p>\n<p><b><\/b>Le droit de r\u00e9tractation n&rsquo;existe pas pour les contrats mentionn\u00e9s ci-dessous :<\/p>\n<ul>\n<li>les contrats de fourniture de biens qui ne sont pas pr\u00e9fabriqu\u00e9s et pour la production desquels le choix ou la d\u00e9termination individuels du consommateur sont d\u00e9terminants ou qui sont clairement adapt\u00e9s aux besoins personnels du consommateur.<\/li>\n<li>les contrats de fourniture de biens susceptibles de se d\u00e9t\u00e9riorer rapidement ou dont la date de p\u00e9remption serait rapidement d\u00e9pass\u00e9e.<\/li>\n<li>les contrats de fourniture de biens scell\u00e9s qui ne peuvent \u00eatre renvoy\u00e9s pour des raisons de protection de la sant\u00e9 ou d&rsquo;hygi\u00e8ne, si leur sceau a \u00e9t\u00e9 retir\u00e9 apr\u00e8s la livraison.<\/li>\n<\/ul>\n<\/div>\n<\/div><\/div><\/div><\/div><\/div>\n","protected":false},"excerpt":{"rendered":"","protected":false},"author":1,"featured_media":0,"parent":0,"menu_order":0,"comment_status":"closed","ping_status":"closed","template":"","meta":{"_acf_changed":false,"footnotes":""},"class_list":["post-14045","page","type-page","status-publish","hentry"],"acf":[],"yoast_head":"<!-- This site is optimized with the Yoast SEO plugin v27.4 - https:\/\/yoast.com\/product\/yoast-seo-wordpress\/ -->\n<title>R\u00e9clamation - Nobis Printen Aachen<\/title>\n<meta name=\"robots\" content=\"index, follow, max-snippet:-1, max-image-preview:large, max-video-preview:-1\" \/>\n<link rel=\"canonical\" href=\"https:\/\/nobis-printen.de\/fr\/reclamation\/\" \/>\n<meta property=\"og:locale\" content=\"fr_FR\" \/>\n<meta property=\"og:type\" content=\"article\" \/>\n<meta property=\"og:title\" content=\"R\u00e9clamation - Nobis Printen Aachen\" \/>\n<meta property=\"og:url\" content=\"https:\/\/nobis-printen.de\/fr\/reclamation\/\" \/>\n<meta property=\"og:site_name\" content=\"Nobis Printen Aachen\" \/>\n<meta property=\"article:publisher\" content=\"https:\/\/www.facebook.com\/nobisprinten\" \/>\n<meta name=\"twitter:card\" content=\"summary_large_image\" \/>\n<meta name=\"twitter:label1\" content=\"Dur\u00e9e de lecture estim\u00e9e\" \/>\n\t<meta name=\"twitter:data1\" content=\"7 minutes\" \/>\n<script type=\"application\/ld+json\" class=\"yoast-schema-graph\">{\"@context\":\"https:\\\/\\\/schema.org\",\"@graph\":[{\"@type\":\"WebPage\",\"@id\":\"https:\\\/\\\/nobis-printen.de\\\/fr\\\/reclamation\\\/\",\"url\":\"https:\\\/\\\/nobis-printen.de\\\/fr\\\/reclamation\\\/\",\"name\":\"R\u00e9clamation - Nobis Printen Aachen\",\"isPartOf\":{\"@id\":\"https:\\\/\\\/nobis-printen.de\\\/fr\\\/#website\"},\"datePublished\":\"2023-04-03T07:17:54+00:00\",\"breadcrumb\":{\"@id\":\"https:\\\/\\\/nobis-printen.de\\\/fr\\\/reclamation\\\/#breadcrumb\"},\"inLanguage\":\"fr-FR\",\"potentialAction\":[{\"@type\":\"ReadAction\",\"target\":[\"https:\\\/\\\/nobis-printen.de\\\/fr\\\/reclamation\\\/\"]}]},{\"@type\":\"BreadcrumbList\",\"@id\":\"https:\\\/\\\/nobis-printen.de\\\/fr\\\/reclamation\\\/#breadcrumb\",\"itemListElement\":[{\"@type\":\"ListItem\",\"position\":1,\"name\":\"Startseite\",\"item\":\"https:\\\/\\\/nobis-printen.de\\\/fr\\\/\"},{\"@type\":\"ListItem\",\"position\":2,\"name\":\"R\u00e9clamation\"}]},{\"@type\":\"WebSite\",\"@id\":\"https:\\\/\\\/nobis-printen.de\\\/fr\\\/#website\",\"url\":\"https:\\\/\\\/nobis-printen.de\\\/fr\\\/\",\"name\":\"Nobis Printen Aachen\",\"description\":\"Printenb\u00e4ckerei Nobis Printen Aachen\",\"potentialAction\":[{\"@type\":\"SearchAction\",\"target\":{\"@type\":\"EntryPoint\",\"urlTemplate\":\"https:\\\/\\\/nobis-printen.de\\\/fr\\\/?s={search_term_string}\"},\"query-input\":{\"@type\":\"PropertyValueSpecification\",\"valueRequired\":true,\"valueName\":\"search_term_string\"}}],\"inLanguage\":\"fr-FR\"}]}<\/script>\n<!-- \/ Yoast SEO plugin. -->","yoast_head_json":{"title":"R\u00e9clamation - Nobis Printen Aachen","robots":{"index":"index","follow":"follow","max-snippet":"max-snippet:-1","max-image-preview":"max-image-preview:large","max-video-preview":"max-video-preview:-1"},"canonical":"https:\/\/nobis-printen.de\/fr\/reclamation\/","og_locale":"fr_FR","og_type":"article","og_title":"R\u00e9clamation - Nobis Printen Aachen","og_url":"https:\/\/nobis-printen.de\/fr\/reclamation\/","og_site_name":"Nobis Printen Aachen","article_publisher":"https:\/\/www.facebook.com\/nobisprinten","twitter_card":"summary_large_image","twitter_misc":{"Dur\u00e9e de lecture estim\u00e9e":"7 minutes"},"schema":{"@context":"https:\/\/schema.org","@graph":[{"@type":"WebPage","@id":"https:\/\/nobis-printen.de\/fr\/reclamation\/","url":"https:\/\/nobis-printen.de\/fr\/reclamation\/","name":"R\u00e9clamation - Nobis Printen Aachen","isPartOf":{"@id":"https:\/\/nobis-printen.de\/fr\/#website"},"datePublished":"2023-04-03T07:17:54+00:00","breadcrumb":{"@id":"https:\/\/nobis-printen.de\/fr\/reclamation\/#breadcrumb"},"inLanguage":"fr-FR","potentialAction":[{"@type":"ReadAction","target":["https:\/\/nobis-printen.de\/fr\/reclamation\/"]}]},{"@type":"BreadcrumbList","@id":"https:\/\/nobis-printen.de\/fr\/reclamation\/#breadcrumb","itemListElement":[{"@type":"ListItem","position":1,"name":"Startseite","item":"https:\/\/nobis-printen.de\/fr\/"},{"@type":"ListItem","position":2,"name":"R\u00e9clamation"}]},{"@type":"WebSite","@id":"https:\/\/nobis-printen.de\/fr\/#website","url":"https:\/\/nobis-printen.de\/fr\/","name":"Nobis Printen Aachen","description":"Printenb\u00e4ckerei Nobis Printen Aachen","potentialAction":[{"@type":"SearchAction","target":{"@type":"EntryPoint","urlTemplate":"https:\/\/nobis-printen.de\/fr\/?s={search_term_string}"},"query-input":{"@type":"PropertyValueSpecification","valueRequired":true,"valueName":"search_term_string"}}],"inLanguage":"fr-FR"}]}},"_links":{"self":[{"href":"https:\/\/nobis-printen.de\/fr\/wp-json\/wp\/v2\/pages\/14045","targetHints":{"allow":["GET"]}}],"collection":[{"href":"https:\/\/nobis-printen.de\/fr\/wp-json\/wp\/v2\/pages"}],"about":[{"href":"https:\/\/nobis-printen.de\/fr\/wp-json\/wp\/v2\/types\/page"}],"author":[{"embeddable":true,"href":"https:\/\/nobis-printen.de\/fr\/wp-json\/wp\/v2\/users\/1"}],"replies":[{"embeddable":true,"href":"https:\/\/nobis-printen.de\/fr\/wp-json\/wp\/v2\/comments?post=14045"}],"version-history":[{"count":0,"href":"https:\/\/nobis-printen.de\/fr\/wp-json\/wp\/v2\/pages\/14045\/revisions"}],"wp:attachment":[{"href":"https:\/\/nobis-printen.de\/fr\/wp-json\/wp\/v2\/media?parent=14045"}],"curies":[{"name":"wp","href":"https:\/\/api.w.org\/{rel}","templated":true}]}}