{"id":13946,"date":"2023-03-30T12:01:08","date_gmt":"2023-03-30T10:01:08","guid":{"rendered":"https:\/\/nobis-printen.de\/cafe-bio-issu-du-commerce-equitable\/"},"modified":"2023-03-30T12:01:10","modified_gmt":"2023-03-30T10:01:10","slug":"cafe-bio-issu-du-commerce-equitable","status":"publish","type":"page","link":"https:\/\/nobis-printen.de\/fr\/cafe-bio-issu-du-commerce-equitable\/","title":{"rendered":"Caf\u00e9 bio issu du commerce \u00e9quitable"},"content":{"rendered":"<div class=\"fusion-fullwidth fullwidth-box fusion-builder-row-1 fusion-flex-container nonhundred-percent-fullwidth non-hundred-percent-height-scrolling\" style=\"--awb-border-radius-top-left:0px;--awb-border-radius-top-right:0px;--awb-border-radius-bottom-right:0px;--awb-border-radius-bottom-left:0px;--awb-flex-wrap:wrap;\" ><div class=\"fusion-builder-row fusion-row fusion-flex-align-items-flex-start fusion-flex-content-wrap\" style=\"max-width:1268.8px;margin-left: calc(-4% \/ 2 );margin-right: calc(-4% \/ 2 );\"><div class=\"fusion-layout-column fusion_builder_column fusion-builder-column-0 fusion_builder_column_1_1 1_1 fusion-flex-column\" style=\"--awb-bg-size:cover;--awb-width-large:100%;--awb-margin-top-large:10px;--awb-spacing-right-large:1.92%;--awb-margin-bottom-large:10px;--awb-spacing-left-large:1.92%;--awb-width-medium:100%;--awb-order-medium:0;--awb-spacing-right-medium:1.92%;--awb-spacing-left-medium:1.92%;--awb-width-small:100%;--awb-order-small:0;--awb-spacing-right-small:1.92%;--awb-spacing-left-small:1.92%;\"><div class=\"fusion-column-wrapper fusion-column-has-shadow fusion-flex-justify-content-flex-start fusion-content-layout-column\"><div class=\"fusion-title title fusion-title-1 fusion-sep-none fusion-title-center fusion-title-text fusion-title-size-one\" style=\"--awb-margin-top:20px;--awb-margin-top-small:25px;--awb-margin-right-small:0px;--awb-margin-bottom-small:16px;--awb-margin-left-small:0px;\"><h1 class=\"fusion-title-heading title-heading-center fusion-responsive-typography-calculated\" style=\"margin:0;--fontSize:45;line-height:1.22;\">CAF\u00c9 BIO COMMERCE \u00c9QUITABLE<\/h1><\/div><div class=\"fusion-text fusion-text-1\" style=\"--awb-content-alignment:center;\"><p>LE PLAISIR \u00c9QUITABLE<\/p>\n<\/div><\/div><\/div><div class=\"fusion-layout-column fusion_builder_column fusion-builder-column-1 fusion_builder_column_1_6 1_6 fusion-flex-column\" style=\"--awb-bg-size:cover;--awb-width-large:16.6666666667%;--awb-margin-top-large:10px;--awb-spacing-right-large:11.52%;--awb-margin-bottom-large:10px;--awb-spacing-left-large:11.52%;--awb-width-medium:100%;--awb-order-medium:0;--awb-spacing-right-medium:1.92%;--awb-spacing-left-medium:1.92%;--awb-width-small:100%;--awb-order-small:0;--awb-spacing-right-small:1.92%;--awb-spacing-left-small:1.92%;\"><div class=\"fusion-column-wrapper fusion-column-has-shadow fusion-flex-justify-content-flex-start fusion-content-layout-column\"><\/div><\/div><div class=\"fusion-layout-column fusion_builder_column fusion-builder-column-2 fusion_builder_column_2_3 2_3 fusion-flex-column\" style=\"--awb-bg-size:cover;--awb-width-large:66.6666666667%;--awb-margin-top-large:10px;--awb-spacing-right-large:2.88%;--awb-margin-bottom-large:10px;--awb-spacing-left-large:2.88%;--awb-width-medium:100%;--awb-order-medium:0;--awb-spacing-right-medium:1.92%;--awb-spacing-left-medium:1.92%;--awb-width-small:100%;--awb-order-small:0;--awb-spacing-right-small:1.92%;--awb-spacing-left-small:1.92%;\"><div class=\"fusion-column-wrapper fusion-column-has-shadow fusion-flex-justify-content-flex-start fusion-content-layout-column\"><div class=\"fusion-text fusion-text-2\"><p style=\"text-align: left;\">Savourez notre caf\u00e9 bio aromatique fra\u00eechement pr\u00e9par\u00e9 et issu du commerce \u00e9quitable. L&rsquo;ar\u00f4me unique est obtenu par un proc\u00e9d\u00e9 de torr\u00e9faction en tambour, afin d&rsquo;offrir \u00e0 nos clients un caf\u00e9 au go\u00fbt particulier.<\/p>\n<p style=\"text-align: left;\">La torr\u00e9faction exclusive Nobis de la soci\u00e9t\u00e9 Privatr\u00f6sterei Vollmer Kaffee GmbH &amp; Co. KG vous garantit en outre, gr\u00e2ce \u00e0 la certification bio et commerce \u00e9quitable, un caf\u00e9 bio de qualit\u00e9 sup\u00e9rieure, produit de mani\u00e8re socialement \u00e9quitable et \u00e9conomiquement durable. Ces certificats garantissent que des milliers d&rsquo;hectares de for\u00eats et de terres agricoles sont g\u00e9r\u00e9s selon des normes strictes de durabilit\u00e9 et que les travailleurs sont trait\u00e9s et r\u00e9mun\u00e9r\u00e9s de mani\u00e8re \u00e9quitable.<\/p>\n<p style=\"text-align: left;\">En achetant du caf\u00e9 Fairtrade, vous apportez donc une pr\u00e9cieuse contribution \u00e0 l&rsquo;am\u00e9lioration des conditions de vie et de travail des familles de caf\u00e9iculteurs dans les pays du Sud global et vous contribuez \u00e0 la promotion de la protection de l&rsquo;environnement. Les producteurs de caf\u00e9 b\u00e9n\u00e9ficient en outre d&rsquo;un soutien pour s&rsquo;adapter aux nouvelles conditions climatiques provoqu\u00e9es par le changement climatique.<\/p>\n<p style=\"text-align: left;\"><a href=\"https:\/\/nobis-printen.de\/wp-content\/uploads\/2020\/11\/nobis-fairtrade-flyer.pdf\">Vous trouverez ici notre d\u00e9pliant Fairtrade avec de plus amples informations.<\/a><\/p>\n<\/div><\/div><\/div><div class=\"fusion-layout-column fusion_builder_column fusion-builder-column-3 fusion_builder_column_1_6 1_6 fusion-flex-column\" style=\"--awb-bg-size:cover;--awb-width-large:16.6666666667%;--awb-margin-top-large:10px;--awb-spacing-right-large:11.52%;--awb-margin-bottom-large:10px;--awb-spacing-left-large:11.52%;--awb-width-medium:100%;--awb-order-medium:0;--awb-spacing-right-medium:1.92%;--awb-spacing-left-medium:1.92%;--awb-width-small:100%;--awb-order-small:0;--awb-spacing-right-small:1.92%;--awb-spacing-left-small:1.92%;\"><div class=\"fusion-column-wrapper fusion-column-has-shadow fusion-flex-justify-content-flex-start fusion-content-layout-column\"><\/div><\/div><div class=\"fusion-layout-column fusion_builder_column fusion-builder-column-4 fusion_builder_column_1_1 1_1 fusion-flex-column\" style=\"--awb-bg-size:cover;--awb-width-large:100%;--awb-margin-top-large:10px;--awb-spacing-right-large:1.92%;--awb-margin-bottom-large:10px;--awb-spacing-left-large:1.92%;--awb-width-medium:100%;--awb-order-medium:0;--awb-spacing-right-medium:1.92%;--awb-spacing-left-medium:1.92%;--awb-width-small:100%;--awb-order-small:0;--awb-spacing-right-small:1.92%;--awb-spacing-left-small:1.92%;\"><div class=\"fusion-column-wrapper fusion-column-has-shadow fusion-flex-justify-content-flex-start fusion-content-layout-column\"><div class=\"fusion-image-element \" style=\"text-align:center;--awb-caption-title-font-family:var(--h2_typography-font-family);--awb-caption-title-font-weight:var(--h2_typography-font-weight);--awb-caption-title-font-style:var(--h2_typography-font-style);--awb-caption-title-size:var(--h2_typography-font-size);--awb-caption-title-transform:var(--h2_typography-text-transform);--awb-caption-title-line-height:var(--h2_typography-line-height);--awb-caption-title-letter-spacing:var(--h2_typography-letter-spacing);\"><span class=\" fusion-imageframe imageframe-none imageframe-1 hover-type-none\"><img decoding=\"async\" width=\"768\" height=\"770\" alt=\"Schuemli Espresso Nobis Printen Aachen\" title=\"Schuemli Espresso Montage\" src=\"https:\/\/nobis-printen.de\/wp-content\/uploads\/2020\/11\/schuemli-espresso_montage.png\" class=\"img-responsive wp-image-12014\" srcset=\"https:\/\/nobis-printen.de\/wp-content\/uploads\/2020\/11\/schuemli-espresso_montage-200x201.png 200w, https:\/\/nobis-printen.de\/wp-content\/uploads\/2020\/11\/schuemli-espresso_montage-400x401.png 400w, https:\/\/nobis-printen.de\/wp-content\/uploads\/2020\/11\/schuemli-espresso_montage-600x602.png 600w, https:\/\/nobis-printen.de\/wp-content\/uploads\/2020\/11\/schuemli-espresso_montage.png 768w\" sizes=\"(max-width: 1024px) 100vw, (max-width: 640px) 100vw, 768px\" \/><\/span><\/div><\/div><\/div><div class=\"fusion-layout-column fusion_builder_column fusion-builder-column-5 fusion_builder_column_1_6 1_6 fusion-flex-column\" style=\"--awb-bg-size:cover;--awb-width-large:16.6666666667%;--awb-margin-top-large:10px;--awb-spacing-right-large:11.52%;--awb-margin-bottom-large:10px;--awb-spacing-left-large:11.52%;--awb-width-medium:100%;--awb-order-medium:0;--awb-spacing-right-medium:1.92%;--awb-spacing-left-medium:1.92%;--awb-width-small:100%;--awb-order-small:0;--awb-spacing-right-small:1.92%;--awb-spacing-left-small:1.92%;\"><div class=\"fusion-column-wrapper fusion-column-has-shadow fusion-flex-justify-content-flex-start fusion-content-layout-column\"><div class=\"fusion-image-element \" style=\"text-align:center;--awb-caption-title-font-family:var(--h2_typography-font-family);--awb-caption-title-font-weight:var(--h2_typography-font-weight);--awb-caption-title-font-style:var(--h2_typography-font-style);--awb-caption-title-size:var(--h2_typography-font-size);--awb-caption-title-transform:var(--h2_typography-text-transform);--awb-caption-title-line-height:var(--h2_typography-line-height);--awb-caption-title-letter-spacing:var(--h2_typography-letter-spacing);\"><span class=\" fusion-imageframe imageframe-none imageframe-2 hover-type-none\"><img decoding=\"async\" width=\"64\" height=\"75\" alt=\"Fairtrade - Nobis Printen\" title=\"FM RGB 64&#215;75\" src=\"https:\/\/nobis-printen.de\/wp-content\/uploads\/2020\/11\/FM_RGB-64x75-1.png\" class=\"img-responsive wp-image-12013\"\/><\/span><\/div><\/div><\/div><div class=\"fusion-layout-column fusion_builder_column fusion-builder-column-6 fusion_builder_column_1_3 1_3 fusion-flex-column\" style=\"--awb-bg-size:cover;--awb-width-large:33.3333333333%;--awb-margin-top-large:10px;--awb-spacing-right-large:5.76%;--awb-margin-bottom-large:10px;--awb-spacing-left-large:5.76%;--awb-width-medium:100%;--awb-order-medium:0;--awb-spacing-right-medium:1.92%;--awb-spacing-left-medium:1.92%;--awb-width-small:100%;--awb-order-small:0;--awb-spacing-right-small:1.92%;--awb-spacing-left-small:1.92%;\"><div class=\"fusion-column-wrapper fusion-column-has-shadow fusion-flex-justify-content-flex-start fusion-content-layout-column\"><div class=\"fusion-text fusion-text-3\"><p style=\"text-align: center;\">Caf\u00e9 : certifi\u00e9 Fairtrade et cultiv\u00e9 par des producteurs Fairtrade. Part totale 100%. Plus d&rsquo;informations sous :<br \/>\n<a href=\"http:\/\/www.fairtrade-deutschland.de\/siegel\">www.fairtrade-deutschland.de\/siegel<\/a><\/p>\n<\/div><\/div><\/div><div class=\"fusion-layout-column fusion_builder_column fusion-builder-column-7 fusion_builder_column_1_6 1_6 fusion-flex-column\" style=\"--awb-bg-size:cover;--awb-width-large:16.6666666667%;--awb-margin-top-large:10px;--awb-spacing-right-large:11.52%;--awb-margin-bottom-large:10px;--awb-spacing-left-large:11.52%;--awb-width-medium:100%;--awb-order-medium:0;--awb-spacing-right-medium:1.92%;--awb-spacing-left-medium:1.92%;--awb-width-small:100%;--awb-order-small:0;--awb-spacing-right-small:1.92%;--awb-spacing-left-small:1.92%;\"><div class=\"fusion-column-wrapper fusion-column-has-shadow fusion-flex-justify-content-flex-start fusion-content-layout-column\"><div class=\"fusion-image-element \" style=\"text-align:center;--awb-caption-title-font-family:var(--h2_typography-font-family);--awb-caption-title-font-weight:var(--h2_typography-font-weight);--awb-caption-title-font-style:var(--h2_typography-font-style);--awb-caption-title-size:var(--h2_typography-font-size);--awb-caption-title-transform:var(--h2_typography-text-transform);--awb-caption-title-line-height:var(--h2_typography-line-height);--awb-caption-title-letter-spacing:var(--h2_typography-letter-spacing);\"><span class=\" fusion-imageframe imageframe-none imageframe-3 hover-type-none\"><img decoding=\"async\" width=\"95\" height=\"62\" alt=\"Logo Bio - Nobis Printen\" title=\"EU Bio Logo 03 95&#215;62\" src=\"https:\/\/nobis-printen.de\/wp-content\/uploads\/2020\/11\/EU-Bio-Logo-03-95x62-1.png\" class=\"img-responsive wp-image-12012\"\/><\/span><\/div><\/div><\/div><div class=\"fusion-layout-column fusion_builder_column fusion-builder-column-8 fusion_builder_column_1_3 1_3 fusion-flex-column\" style=\"--awb-bg-size:cover;--awb-width-large:33.3333333333%;--awb-margin-top-large:10px;--awb-spacing-right-large:5.76%;--awb-margin-bottom-large:10px;--awb-spacing-left-large:5.76%;--awb-width-medium:100%;--awb-order-medium:0;--awb-spacing-right-medium:1.92%;--awb-spacing-left-medium:1.92%;--awb-width-small:100%;--awb-order-small:0;--awb-spacing-right-small:1.92%;--awb-spacing-left-small:1.92%;\"><div class=\"fusion-column-wrapper fusion-column-has-shadow fusion-flex-justify-content-flex-start fusion-content-layout-column\"><div class=\"fusion-text fusion-text-4\"><p style=\"text-align: center;\">DE-\u00d6KO-001<br \/>\nAgriculture non UE<\/p>\n<\/div><\/div><\/div><\/div><\/div>\n","protected":false},"excerpt":{"rendered":"","protected":false},"author":1,"featured_media":0,"parent":0,"menu_order":0,"comment_status":"closed","ping_status":"closed","template":"","meta":{"_acf_changed":false,"footnotes":""},"class_list":["post-13946","page","type-page","status-publish","hentry"],"acf":[],"yoast_head":"<!-- This site is optimized with the Yoast SEO plugin v27.3 - https:\/\/yoast.com\/product\/yoast-seo-wordpress\/ -->\n<title>Nobis Printen - Pour nous, le caf\u00e9 bio issu du commerce \u00e9quitable est aussi synonyme de plaisir \u00e9quitable<\/title>\n<meta name=\"description\" content=\"La torr\u00e9faction exclusive Nobis du torr\u00e9facteur priv\u00e9 Vollmer Kaffee vous garantit une qualit\u00e9 sup\u00e9rieure certifi\u00e9e bio et commerce \u00e9quitable dans chaque grain !\" \/>\n<meta name=\"robots\" content=\"index, follow, max-snippet:-1, max-image-preview:large, max-video-preview:-1\" \/>\n<link rel=\"canonical\" href=\"https:\/\/nobis-printen.de\/fr\/cafe-bio-issu-du-commerce-equitable\/\" \/>\n<meta property=\"og:locale\" content=\"fr_FR\" \/>\n<meta property=\"og:type\" content=\"article\" \/>\n<meta property=\"og:title\" content=\"Nobis Printen - Pour nous, le caf\u00e9 bio issu du commerce \u00e9quitable est aussi synonyme de plaisir \u00e9quitable\" \/>\n<meta property=\"og:description\" content=\"La torr\u00e9faction exclusive Nobis du torr\u00e9facteur priv\u00e9 Vollmer Kaffee vous garantit une qualit\u00e9 sup\u00e9rieure certifi\u00e9e bio et commerce \u00e9quitable dans chaque grain !\" \/>\n<meta property=\"og:url\" content=\"https:\/\/nobis-printen.de\/fr\/cafe-bio-issu-du-commerce-equitable\/\" \/>\n<meta property=\"og:site_name\" content=\"Nobis Printen Aachen\" \/>\n<meta property=\"article:publisher\" content=\"https:\/\/www.facebook.com\/nobisprinten\" \/>\n<meta property=\"article:modified_time\" content=\"2023-03-30T10:01:10+00:00\" \/>\n<meta name=\"twitter:card\" content=\"summary_large_image\" \/>\n<meta name=\"twitter:label1\" content=\"Dur\u00e9e de lecture estim\u00e9e\" \/>\n\t<meta name=\"twitter:data1\" content=\"15 minutes\" \/>\n<script type=\"application\/ld+json\" class=\"yoast-schema-graph\">{\"@context\":\"https:\\\/\\\/schema.org\",\"@graph\":[{\"@type\":\"WebPage\",\"@id\":\"https:\\\/\\\/nobis-printen.de\\\/fr\\\/cafe-bio-issu-du-commerce-equitable\\\/\",\"url\":\"https:\\\/\\\/nobis-printen.de\\\/fr\\\/cafe-bio-issu-du-commerce-equitable\\\/\",\"name\":\"Nobis Printen - Pour nous, le caf\u00e9 bio issu du commerce \u00e9quitable est aussi synonyme de plaisir \u00e9quitable\",\"isPartOf\":{\"@id\":\"https:\\\/\\\/nobis-printen.de\\\/fr\\\/#website\"},\"datePublished\":\"2023-03-30T10:01:08+00:00\",\"dateModified\":\"2023-03-30T10:01:10+00:00\",\"description\":\"La torr\u00e9faction exclusive Nobis du torr\u00e9facteur priv\u00e9 Vollmer Kaffee vous garantit une qualit\u00e9 sup\u00e9rieure certifi\u00e9e bio et commerce \u00e9quitable dans chaque grain !\",\"breadcrumb\":{\"@id\":\"https:\\\/\\\/nobis-printen.de\\\/fr\\\/cafe-bio-issu-du-commerce-equitable\\\/#breadcrumb\"},\"inLanguage\":\"fr-FR\",\"potentialAction\":[{\"@type\":\"ReadAction\",\"target\":[\"https:\\\/\\\/nobis-printen.de\\\/fr\\\/cafe-bio-issu-du-commerce-equitable\\\/\"]}]},{\"@type\":\"BreadcrumbList\",\"@id\":\"https:\\\/\\\/nobis-printen.de\\\/fr\\\/cafe-bio-issu-du-commerce-equitable\\\/#breadcrumb\",\"itemListElement\":[{\"@type\":\"ListItem\",\"position\":1,\"name\":\"Startseite\",\"item\":\"https:\\\/\\\/nobis-printen.de\\\/fr\\\/\"},{\"@type\":\"ListItem\",\"position\":2,\"name\":\"Caf\u00e9 bio issu du commerce \u00e9quitable\"}]},{\"@type\":\"WebSite\",\"@id\":\"https:\\\/\\\/nobis-printen.de\\\/fr\\\/#website\",\"url\":\"https:\\\/\\\/nobis-printen.de\\\/fr\\\/\",\"name\":\"Nobis Printen Aachen\",\"description\":\"Printenb\u00e4ckerei Nobis Printen Aachen\",\"potentialAction\":[{\"@type\":\"SearchAction\",\"target\":{\"@type\":\"EntryPoint\",\"urlTemplate\":\"https:\\\/\\\/nobis-printen.de\\\/fr\\\/?s={search_term_string}\"},\"query-input\":{\"@type\":\"PropertyValueSpecification\",\"valueRequired\":true,\"valueName\":\"search_term_string\"}}],\"inLanguage\":\"fr-FR\"}]}<\/script>\n<!-- \/ Yoast SEO plugin. -->","yoast_head_json":{"title":"Nobis Printen - Pour nous, le caf\u00e9 bio issu du commerce \u00e9quitable est aussi synonyme de plaisir \u00e9quitable","description":"La torr\u00e9faction exclusive Nobis du torr\u00e9facteur priv\u00e9 Vollmer Kaffee vous garantit une qualit\u00e9 sup\u00e9rieure certifi\u00e9e bio et commerce \u00e9quitable dans chaque grain !","robots":{"index":"index","follow":"follow","max-snippet":"max-snippet:-1","max-image-preview":"max-image-preview:large","max-video-preview":"max-video-preview:-1"},"canonical":"https:\/\/nobis-printen.de\/fr\/cafe-bio-issu-du-commerce-equitable\/","og_locale":"fr_FR","og_type":"article","og_title":"Nobis Printen - Pour nous, le caf\u00e9 bio issu du commerce \u00e9quitable est aussi synonyme de plaisir \u00e9quitable","og_description":"La torr\u00e9faction exclusive Nobis du torr\u00e9facteur priv\u00e9 Vollmer Kaffee vous garantit une qualit\u00e9 sup\u00e9rieure certifi\u00e9e bio et commerce \u00e9quitable dans chaque grain !","og_url":"https:\/\/nobis-printen.de\/fr\/cafe-bio-issu-du-commerce-equitable\/","og_site_name":"Nobis Printen Aachen","article_publisher":"https:\/\/www.facebook.com\/nobisprinten","article_modified_time":"2023-03-30T10:01:10+00:00","twitter_card":"summary_large_image","twitter_misc":{"Dur\u00e9e de lecture estim\u00e9e":"15 minutes"},"schema":{"@context":"https:\/\/schema.org","@graph":[{"@type":"WebPage","@id":"https:\/\/nobis-printen.de\/fr\/cafe-bio-issu-du-commerce-equitable\/","url":"https:\/\/nobis-printen.de\/fr\/cafe-bio-issu-du-commerce-equitable\/","name":"Nobis Printen - Pour nous, le caf\u00e9 bio issu du commerce \u00e9quitable est aussi synonyme de plaisir \u00e9quitable","isPartOf":{"@id":"https:\/\/nobis-printen.de\/fr\/#website"},"datePublished":"2023-03-30T10:01:08+00:00","dateModified":"2023-03-30T10:01:10+00:00","description":"La torr\u00e9faction exclusive Nobis du torr\u00e9facteur priv\u00e9 Vollmer Kaffee vous garantit une qualit\u00e9 sup\u00e9rieure certifi\u00e9e bio et commerce \u00e9quitable dans chaque grain !","breadcrumb":{"@id":"https:\/\/nobis-printen.de\/fr\/cafe-bio-issu-du-commerce-equitable\/#breadcrumb"},"inLanguage":"fr-FR","potentialAction":[{"@type":"ReadAction","target":["https:\/\/nobis-printen.de\/fr\/cafe-bio-issu-du-commerce-equitable\/"]}]},{"@type":"BreadcrumbList","@id":"https:\/\/nobis-printen.de\/fr\/cafe-bio-issu-du-commerce-equitable\/#breadcrumb","itemListElement":[{"@type":"ListItem","position":1,"name":"Startseite","item":"https:\/\/nobis-printen.de\/fr\/"},{"@type":"ListItem","position":2,"name":"Caf\u00e9 bio issu du commerce \u00e9quitable"}]},{"@type":"WebSite","@id":"https:\/\/nobis-printen.de\/fr\/#website","url":"https:\/\/nobis-printen.de\/fr\/","name":"Nobis Printen Aachen","description":"Printenb\u00e4ckerei Nobis Printen Aachen","potentialAction":[{"@type":"SearchAction","target":{"@type":"EntryPoint","urlTemplate":"https:\/\/nobis-printen.de\/fr\/?s={search_term_string}"},"query-input":{"@type":"PropertyValueSpecification","valueRequired":true,"valueName":"search_term_string"}}],"inLanguage":"fr-FR"}]}},"_links":{"self":[{"href":"https:\/\/nobis-printen.de\/fr\/wp-json\/wp\/v2\/pages\/13946","targetHints":{"allow":["GET"]}}],"collection":[{"href":"https:\/\/nobis-printen.de\/fr\/wp-json\/wp\/v2\/pages"}],"about":[{"href":"https:\/\/nobis-printen.de\/fr\/wp-json\/wp\/v2\/types\/page"}],"author":[{"embeddable":true,"href":"https:\/\/nobis-printen.de\/fr\/wp-json\/wp\/v2\/users\/1"}],"replies":[{"embeddable":true,"href":"https:\/\/nobis-printen.de\/fr\/wp-json\/wp\/v2\/comments?post=13946"}],"version-history":[{"count":0,"href":"https:\/\/nobis-printen.de\/fr\/wp-json\/wp\/v2\/pages\/13946\/revisions"}],"wp:attachment":[{"href":"https:\/\/nobis-printen.de\/fr\/wp-json\/wp\/v2\/media?parent=13946"}],"curies":[{"name":"wp","href":"https:\/\/api.w.org\/{rel}","templated":true}]}}