{"id":13931,"date":"2023-03-30T11:49:26","date_gmt":"2023-03-30T09:49:26","guid":{"rendered":"https:\/\/nobis-printen.de\/conditions-generales-de-vente\/"},"modified":"2023-03-30T11:49:26","modified_gmt":"2023-03-30T09:49:26","slug":"conditions-generales-de-vente","status":"publish","type":"page","link":"https:\/\/nobis-printen.de\/fr\/conditions-generales-de-vente\/","title":{"rendered":"CONDITIONS G\u00c9N\u00c9RALES DE VENTE"},"content":{"rendered":"<div class=\"fusion-fullwidth fullwidth-box fusion-builder-row-1 fusion-flex-container nonhundred-percent-fullwidth non-hundred-percent-height-scrolling\" style=\"--awb-border-radius-top-left:0px;--awb-border-radius-top-right:0px;--awb-border-radius-bottom-right:0px;--awb-border-radius-bottom-left:0px;--awb-flex-wrap:wrap;\" ><div class=\"fusion-builder-row fusion-row fusion-flex-align-items-flex-start fusion-flex-content-wrap\" style=\"max-width:1268.8px;margin-left: calc(-4% \/ 2 );margin-right: calc(-4% \/ 2 );\"><div class=\"fusion-layout-column fusion_builder_column fusion-builder-column-0 fusion_builder_column_1_1 1_1 fusion-flex-column\" style=\"--awb-bg-size:cover;--awb-width-large:100%;--awb-margin-top-large:10px;--awb-spacing-right-large:1.92%;--awb-margin-bottom-large:10px;--awb-spacing-left-large:1.92%;--awb-width-medium:100%;--awb-order-medium:0;--awb-spacing-right-medium:1.92%;--awb-spacing-left-medium:1.92%;--awb-width-small:100%;--awb-order-small:0;--awb-spacing-right-small:1.92%;--awb-spacing-left-small:1.92%;\"><div class=\"fusion-column-wrapper fusion-column-has-shadow fusion-flex-justify-content-flex-start fusion-content-layout-column\"><div class=\"fusion-title title fusion-title-1 fusion-sep-none fusion-title-text fusion-title-size-one\" style=\"--awb-margin-top-small:25px;--awb-margin-right-small:0px;--awb-margin-bottom-small:16px;--awb-margin-left-small:0px;\"><h1 class=\"fusion-title-heading title-heading-left fusion-responsive-typography-calculated\" style=\"margin:0;--fontSize:45;line-height:1.22;\"><h1>Conditions d&rsquo;envoi, de livraison et de paiement (CGV)<\/h1><\/h1><\/div><div class=\"fusion-text fusion-text-1\"><p>Vous choisissez vos sp\u00e9cialit\u00e9s Nobis dans le catalogue de pr\u00e9sentation Nobis. Vous nous confiez tout le reste, y compris toutes les formalit\u00e9s d&rsquo;exp\u00e9dition et \u00e9ventuellement de douane. Nobis veille \u00e0 ce que votre paquet cadeau arrive \u00e0 l&rsquo;heure, sans frais suppl\u00e9mentaires pour le destinataire. Pour que votre colis parvienne \u00e0 son destinataire \u00e0 la date souhait\u00e9e, sans risque de casse et avec une fra\u00eecheur savoureuse, il convient toutefois de respecter encore quelques points.<\/p>\n<h4>COMMENT COMMANDER<\/h4>\n<p>Utilisez notre <a href=\"https:\/\/shop.nobis-printen.de\/\">boutique en ligne<\/a> ou adressez vos commandes, demandes et souhaits particuliers par t\u00e9l\u00e9phone \u00e0 notre service cadeaux.<\/p>\n<p><strong><b>Nobis Printen e.K.<\/b><b><br \/>\n<\/b>30, avenue de Charlottenburg<br \/>\n52068 Aix-la-Chapelle<\/strong><\/p>\n<p>T\u00e9l. : 02 41 \/ 9 68 00 0<br \/>\nT\u00e9l\u00e9copieur : 02 41 \/ 9 68 00 88<br \/>\nCourrier \u00e9lectronique : <a href=\"mailto:info@nobis-printen.de\">info@nobis-printen.de<\/a><br \/>\n<a href=\"https:\/\/nobis-printen.de\/\">www.nobis-printen.de<\/a><br \/>\n<a href=\"http:\/\/www.facebook.com\/nobisprinten\">www.facebook.com\/nobisprinten<\/a><br \/>\n<a href=\"http:\/\/www.instagram.com\/nobisprinten\">www.instagram.com\/nobisprinten<\/a><\/p>\n<p>Aix-la-Chapelle HRA 1962, Tribunal d&rsquo;instance d&rsquo;Aix-la-Chapelle<br \/>\nNum\u00e9ro de TVA FR 225 347 896<\/p>\n<p>Autoris\u00e9 \u00e0 repr\u00e9senter la soci\u00e9t\u00e9 : Michael Nobis<\/p>\n<h4>CONCLUSION DU CONTRAT<\/h4>\n<p>La conclusion du contrat par le biais de la boutique en ligne se fait exclusivement en langue allemande. Une fois que vous avez envoy\u00e9 votre commande, nous vous envoyons un e-mail confirmant la r\u00e9ception de votre commande par nos soins et reprenant les d\u00e9tails de celle-ci (accus\u00e9 de r\u00e9ception). Cet accus\u00e9 de r\u00e9ception vous informe que nous avons bien re\u00e7u votre commande. En m\u00eame temps, nous acceptons votre offre et le contrat de vente est conclu. De m\u00eame, vous recevrez avec l&rsquo;accus\u00e9 de r\u00e9ception toutes les informations clients que vous devriez imprimer pour vos dossiers. Vos commandes sont enregistr\u00e9es chez nous apr\u00e8s la conclusion du contrat. Si vous perdez les documents relatifs \u00e0 vos commandes, veuillez nous contacter par e-mail\/fax\/t\u00e9l\u00e9phone. Nous vous enverrons volontiers une copie des donn\u00e9es. En cas de retard de livraison, nous vous informerons le plus rapidement possible.<\/p>\n<h4>FRAIS D&rsquo;EXPEDITION<\/h4>\n<p>Les frais d&rsquo;exp\u00e9dition comprennent \u00e9galement les services Nobis suivants :<\/p>\n<ul>\n<li>Frais de port et de livraison<\/li>\n<li>Assemblage et emballage incassable des articles<\/li>\n<li>\u00c9tiquette d&rsquo;adresse (mise \u00e0 disposition d&rsquo;un fichier Excel appropri\u00e9 pour les commandes importantes)<\/li>\n<li>Joindre vos cartes de v\u0153ux personnelles<\/li>\n<\/ul>\n<p>Remarque : nous nous engageons \u00e0 prot\u00e9ger vos donn\u00e9es personnelles !<br \/>\nNous exp\u00e9dions (en Allemagne) avec DHL.<br \/>\nNous ne facturons pas de suppl\u00e9ment pour les quantit\u00e9s inf\u00e9rieures.<\/p>\n<\/div><div class=\"fusion-separator fusion-full-width-sep\" style=\"align-self: center;margin-left: auto;margin-right: auto;margin-top:30px;width:100%;\"><\/div><div class=\"fusion-text fusion-text-2\" style=\"--awb-content-alignment:center;\"><p><strong><a href=\"https:\/\/shop.nobis-printen.de\/Versandinformationen\">Vous trouverez ici nos informations sur l&rsquo;exp\u00e9dition.<\/a><br \/>\n<\/strong><\/p>\n<\/div><div class=\"fusion-text fusion-text-3\"><h4>COMMANDE \u00c9CRITE<\/h4>\n<p>Pour simplifier la passation de commande, veuillez utiliser le formulaire disponible chez nous. Veuillez indiquer les adresses des destinataires de mani\u00e8re lisible (en lettres d&rsquo;imprimerie) en indiquant imp\u00e9rativement le code postal, la rue et le num\u00e9ro (aucun colis ne peut \u00eatre envoy\u00e9 \u00e0 une bo\u00eete postale).<\/p>\n<h4>S&rsquo;IL VOUS PLA\u00ceT, DES COMMANDES COMPL\u00c8TES<\/h4>\n<p>Les commandes ne peuvent \u00eatre trait\u00e9es qu&rsquo;une fois que nous les avons re\u00e7ues dans leur int\u00e9gralit\u00e9 (c&rsquo;est-\u00e0-dire avec les adresses compl\u00e8tes des commanditaires ou des destinataires ou les listes d&rsquo;adresses et &#8211; si vous le souhaitez &#8211; avec vos cartes de v\u0153ux).<\/p>\n<h4>MONDIAL<\/h4>\n<p>Nobis exp\u00e9die \u00e0 toute adresse souhait\u00e9e en Suisse et \u00e0 l&rsquo;\u00e9tranger. L&rsquo;exp\u00e9dition est major\u00e9e de toutes les formalit\u00e9s d&rsquo;exp\u00e9dition et de douane.<\/p>\n<h4>DATES DE COMMANDE<\/h4>\n<p>Pour la qualit\u00e9 et la fra\u00eecheur, nous travaillons de mani\u00e8re artisanale dans le fournil, sans stock, ce qui n\u00e9cessite une planification parfaite, surtout avant No\u00ebl. C&rsquo;est pourquoi : Commandez imp\u00e9rativement \u00e0 temps ! C&rsquo;est-\u00e0-dire environ 3 semaines avant la date d&rsquo;arriv\u00e9e souhait\u00e9e en Allemagne ou en Europe et 4 semaines avant la date souhait\u00e9e pour une exp\u00e9dition dans le monde entier en dehors de l&rsquo;Europe.<\/p>\n<p>N&rsquo;oubliez pas que la plupart des personnes qui re\u00e7oivent des cadeaux partent en voyage pendant les f\u00eates.<br \/>\nLes commandes re\u00e7ues sont trait\u00e9es aussi rapidement que possible, dans l&rsquo;ordre d&rsquo;arriv\u00e9e des commandes.<\/p>\n<h4>DURABILIT\u00c9<\/h4>\n<p>Aucun conservateur n&rsquo;est utilis\u00e9 dans nos produits. Le cadeau est donc destin\u00e9 \u00e0 \u00eatre consomm\u00e9 frais. Nous d\u00e9clinons toute responsabilit\u00e9 en cas de stockage inappropri\u00e9 des denr\u00e9es alimentaires.<\/p>\n<h4>CONDITIONS DE PAIEMENT<\/h4>\n<p>Une fois la facture \u00e9tablie, nous demandons un paiement imm\u00e9diat sans autre d\u00e9duction. Pour toutes les commandes, nous nous r\u00e9servons le droit de propri\u00e9t\u00e9 jusqu&rsquo;au paiement int\u00e9gral de la totalit\u00e9 de la cr\u00e9ance.<\/p>\n<h4>POUR LES GROSSES COMMANDES<\/h4>\n<p>Pour les envois en grande quantit\u00e9, veuillez contacter notre service cadeaux pour conna\u00eetre les conditions et les frais d&rsquo;envoi. La livraison centralis\u00e9e des colis pr\u00eats \u00e0 \u00eatre offerts ou exp\u00e9di\u00e9s \u00e0 un point de livraison que vous aurez d\u00e9sign\u00e9 est possible par transporteur, par la poste ou par le service de livraison Nobis.<\/p>\n<h4>NON COMPRIS DANS LES FRAIS D&rsquo;ENVOI<\/h4>\n<p>Les frais d&rsquo;exp\u00e9dition n&rsquo;incluent pas les droits de douane et les taxes qui peuvent \u00eatre pr\u00e9lev\u00e9s dans les pays destinataires en cas d&rsquo;envoi \u00e0 l&rsquo;\u00e9tranger. Des adresses de destinataires erron\u00e9es ou incompl\u00e8tes signifient que les cadeaux nous seront retourn\u00e9s. Nous devons malheureusement facturer les frais qui en r\u00e9sultent \u00e0 l&rsquo;acheteur. Nous ne pouvons pas remplacer ou rembourser les cadeaux non r\u00e9clam\u00e9s au bureau de poste.<\/p>\n<h4>DROIT DE RETOUR\/R\u00c9CLAMATION<\/h4>\n<p>Vous avez le droit de vous r\u00e9tracter du pr\u00e9sent contrat dans un d\u00e9lai de quatorze jours sans donner de motif.<\/p>\n<p>Le d\u00e9lai de r\u00e9tractation est de quatorze jours \u00e0 compter de la date \u00e0 laquelle vous, ou un tiers autre que le transporteur et d\u00e9sign\u00e9 par vous, avez pris possession des marchandises.<\/p>\n<p>Pour exercer votre droit de r\u00e9tractation, vous devez nous informer de votre d\u00e9cision de r\u00e9voquer le pr\u00e9sent contrat au moyen d&rsquo;une d\u00e9claration sans \u00e9quivoque (par exemple, lettre envoy\u00e9e par la poste, t\u00e9l\u00e9copie ou courrier \u00e9lectronique) : Nobis Printen e.K., Charlottenburger Allee 30, 52068 Aix-la-Chapelle, t\u00e9l\u00e9phone : 0241\/968000, t\u00e9l\u00e9copie : 0241\/9680088, e-mail : info@nobisprinten.de.<\/p>\n<p>Pour que le d\u00e9lai de r\u00e9tractation soit respect\u00e9, il suffit que vous envoyiez la communication relative \u00e0 l&rsquo;exercice du droit de r\u00e9tractation avant l&rsquo;expiration du d\u00e9lai de r\u00e9tractation.<\/p>\n<p>En cas de r\u00e9tractation du pr\u00e9sent contrat, nous vous rembourserons tous les paiements re\u00e7us de vous, y compris les frais de livraison (\u00e0 l&rsquo;exception des frais suppl\u00e9mentaires d\u00e9coulant du fait que vous avez choisi un mode de livraison autre que le mode de livraison standard le moins cher que nous proposons), sans retard excessif et au plus tard quatorze jours \u00e0 compter de la date \u00e0 laquelle nous aurons re\u00e7u la communication de votre d\u00e9cision de r\u00e9tractation du pr\u00e9sent contrat. Pour ce remboursement, nous utilisons le m\u00eame moyen de paiement que celui que vous avez utilis\u00e9 pour la transaction initiale, \u00e0 moins qu&rsquo;il n&rsquo;en ait \u00e9t\u00e9 express\u00e9ment convenu autrement avec vous ; en aucun cas, des frais ne vous seront factur\u00e9s pour ce remboursement. Nous pouvons refuser le remboursement jusqu&rsquo;\u00e0 ce que nous ayons r\u00e9cup\u00e9r\u00e9 les marchandises ou jusqu&rsquo;\u00e0 ce que vous ayez fourni la preuve que vous avez renvoy\u00e9 les marchandises, la date retenue \u00e9tant la plus proche.<\/p>\n<p>Vous devrez renvoyer ou rendre le bien \u00e0 Nobis Printen e.K., Charlottenburger Allee 30, 52068 Aix-la-Chapelle, sans retard excessif et, en tout \u00e9tat de cause, au plus tard quatorze jours \u00e0 compter du jour o\u00f9 vous nous aurez communiqu\u00e9 votre d\u00e9cision de r\u00e9tractation du pr\u00e9sent contrat. Le d\u00e9lai est respect\u00e9 si vous renvoyez les marchandises avant l&rsquo;expiration du d\u00e9lai de quatorze jours. Les frais directs de renvoi des marchandises sont \u00e0 votre charge. Vous n&rsquo;\u00eates tenu d&rsquo;assumer la responsabilit\u00e9 d&rsquo;une \u00e9ventuelle d\u00e9pr\u00e9ciation des biens que si cette d\u00e9pr\u00e9ciation est due \u00e0 une manipulation des biens qui n&rsquo;est pas n\u00e9cessaire pour en v\u00e9rifier la nature, les caract\u00e9ristiques et le fonctionnement.<\/p>\n<h4>AUTRES<\/h4>\n<p>Avec votre commande, nos conditions d&rsquo;exp\u00e9dition, de livraison et de paiement (CES) sont reconnues comme partie int\u00e9grante du contrat. Le droit allemand s&rsquo;applique \u00e0 la relation contractuelle. Le lieu d&rsquo;ex\u00e9cution et le tribunal comp\u00e9tent est, dans la mesure o\u00f9 l&rsquo;acheteur est un commer\u00e7ant de plein droit, Aix-la-Chapelle pour les deux parties. La base de ce service est la vente par correspondance selon le Code civil allemand (BGB).<\/p>\n<h4>AVIS DE PROTECTION DES DONN\u00c9ES<\/h4>\n<p>Dans le respect des dispositions relatives \u00e0 la protection des donn\u00e9es, nous enregistrons et traitons les donn\u00e9es personnelles et les donn\u00e9es relatives \u00e0 l&rsquo;entreprise et les utilisons pour l&rsquo;ex\u00e9cution du contrat et \u00e0 des fins publicitaires (p. ex. envoi du prospectus annuel Printen). Les donn\u00e9es ne sont pas transmises \u00e0 des tiers ; sauf pour l&rsquo;envoi de nos propres supports publicitaires. Vous avez le droit d&rsquo;obtenir \u00e0 tout moment des informations sur l&rsquo;\u00e9tendue et la finalit\u00e9 du traitement des donn\u00e9es et de vous opposer \u00e0 leur utilisation en nous \u00e9crivant. En outre, vous avez le droit de faire rectifier, bloquer et effacer vos donn\u00e9es apr\u00e8s la fin de l&rsquo;ex\u00e9cution du contrat li\u00e9e au but. Nous nous r\u00e9servons le droit de faire v\u00e9rifier vos donn\u00e9es par des soci\u00e9t\u00e9s de garantie de cr\u00e9dit.<br \/>\nLe protocole de cryptage utilis\u00e9 pour la s\u00e9curit\u00e9 des donn\u00e9es lors de la transmission des informations de paiement est SSL.<\/p>\n<h4>TARIFS<\/h4>\n<p>Tous les prix incluent la TVA et s&rsquo;entendent hors frais d&rsquo;exp\u00e9dition. Les prix applicables sont ceux en vigueur au moment de la commande.<\/p>\n<p>T\u00e9l\u00e9chargez <a href=\"https:\/\/shop.nobis-printen.de\/Versandinformationen\">ici<\/a> nos conditions d&rsquo;envoi, de livraison et de paiement (CGV).<br \/>\nVous trouverez le programme n\u00e9cessaire, Adobe Reader, <a href=\"https:\/\/get.adobe.com\/de\/reader\/\">ici<\/a>.<\/p>\n<\/div><\/div><\/div><\/div><\/div>\n","protected":false},"excerpt":{"rendered":"","protected":false},"author":1,"featured_media":0,"parent":0,"menu_order":0,"comment_status":"closed","ping_status":"closed","template":"","meta":{"_acf_changed":false,"footnotes":""},"class_list":["post-13931","page","type-page","status-publish","hentry"],"acf":[],"yoast_head":"<!-- This site is optimized with the Yoast SEO plugin v27.3 - https:\/\/yoast.com\/product\/yoast-seo-wordpress\/ -->\n<title>CONDITIONS G\u00c9N\u00c9RALES DE VENTE - Nobis Printen Aachen<\/title>\n<meta name=\"robots\" content=\"index, follow, max-snippet:-1, max-image-preview:large, max-video-preview:-1\" \/>\n<link rel=\"canonical\" href=\"https:\/\/nobis-printen.de\/fr\/conditions-generales-de-vente\/\" \/>\n<meta property=\"og:locale\" content=\"fr_FR\" \/>\n<meta property=\"og:type\" content=\"article\" \/>\n<meta property=\"og:title\" content=\"CONDITIONS G\u00c9N\u00c9RALES DE VENTE - Nobis Printen Aachen\" \/>\n<meta property=\"og:url\" content=\"https:\/\/nobis-printen.de\/fr\/conditions-generales-de-vente\/\" \/>\n<meta property=\"og:site_name\" content=\"Nobis Printen Aachen\" \/>\n<meta property=\"article:publisher\" content=\"https:\/\/www.facebook.com\/nobisprinten\" \/>\n<meta name=\"twitter:card\" content=\"summary_large_image\" \/>\n<meta name=\"twitter:label1\" content=\"Dur\u00e9e de lecture estim\u00e9e\" \/>\n\t<meta name=\"twitter:data1\" content=\"12 minutes\" \/>\n<script type=\"application\/ld+json\" class=\"yoast-schema-graph\">{\"@context\":\"https:\\\/\\\/schema.org\",\"@graph\":[{\"@type\":\"WebPage\",\"@id\":\"https:\\\/\\\/nobis-printen.de\\\/fr\\\/conditions-generales-de-vente\\\/\",\"url\":\"https:\\\/\\\/nobis-printen.de\\\/fr\\\/conditions-generales-de-vente\\\/\",\"name\":\"CONDITIONS G\u00c9N\u00c9RALES DE VENTE - Nobis Printen Aachen\",\"isPartOf\":{\"@id\":\"https:\\\/\\\/nobis-printen.de\\\/fr\\\/#website\"},\"datePublished\":\"2023-03-30T09:49:26+00:00\",\"breadcrumb\":{\"@id\":\"https:\\\/\\\/nobis-printen.de\\\/fr\\\/conditions-generales-de-vente\\\/#breadcrumb\"},\"inLanguage\":\"fr-FR\",\"potentialAction\":[{\"@type\":\"ReadAction\",\"target\":[\"https:\\\/\\\/nobis-printen.de\\\/fr\\\/conditions-generales-de-vente\\\/\"]}]},{\"@type\":\"BreadcrumbList\",\"@id\":\"https:\\\/\\\/nobis-printen.de\\\/fr\\\/conditions-generales-de-vente\\\/#breadcrumb\",\"itemListElement\":[{\"@type\":\"ListItem\",\"position\":1,\"name\":\"Startseite\",\"item\":\"https:\\\/\\\/nobis-printen.de\\\/fr\\\/\"},{\"@type\":\"ListItem\",\"position\":2,\"name\":\"CONDITIONS G\u00c9N\u00c9RALES DE VENTE\"}]},{\"@type\":\"WebSite\",\"@id\":\"https:\\\/\\\/nobis-printen.de\\\/fr\\\/#website\",\"url\":\"https:\\\/\\\/nobis-printen.de\\\/fr\\\/\",\"name\":\"Nobis Printen Aachen\",\"description\":\"Printenb\u00e4ckerei Nobis Printen Aachen\",\"potentialAction\":[{\"@type\":\"SearchAction\",\"target\":{\"@type\":\"EntryPoint\",\"urlTemplate\":\"https:\\\/\\\/nobis-printen.de\\\/fr\\\/?s={search_term_string}\"},\"query-input\":{\"@type\":\"PropertyValueSpecification\",\"valueRequired\":true,\"valueName\":\"search_term_string\"}}],\"inLanguage\":\"fr-FR\"}]}<\/script>\n<!-- \/ Yoast SEO plugin. -->","yoast_head_json":{"title":"CONDITIONS G\u00c9N\u00c9RALES DE VENTE - Nobis Printen Aachen","robots":{"index":"index","follow":"follow","max-snippet":"max-snippet:-1","max-image-preview":"max-image-preview:large","max-video-preview":"max-video-preview:-1"},"canonical":"https:\/\/nobis-printen.de\/fr\/conditions-generales-de-vente\/","og_locale":"fr_FR","og_type":"article","og_title":"CONDITIONS G\u00c9N\u00c9RALES DE VENTE - Nobis Printen Aachen","og_url":"https:\/\/nobis-printen.de\/fr\/conditions-generales-de-vente\/","og_site_name":"Nobis Printen Aachen","article_publisher":"https:\/\/www.facebook.com\/nobisprinten","twitter_card":"summary_large_image","twitter_misc":{"Dur\u00e9e de lecture estim\u00e9e":"12 minutes"},"schema":{"@context":"https:\/\/schema.org","@graph":[{"@type":"WebPage","@id":"https:\/\/nobis-printen.de\/fr\/conditions-generales-de-vente\/","url":"https:\/\/nobis-printen.de\/fr\/conditions-generales-de-vente\/","name":"CONDITIONS G\u00c9N\u00c9RALES DE VENTE - Nobis Printen Aachen","isPartOf":{"@id":"https:\/\/nobis-printen.de\/fr\/#website"},"datePublished":"2023-03-30T09:49:26+00:00","breadcrumb":{"@id":"https:\/\/nobis-printen.de\/fr\/conditions-generales-de-vente\/#breadcrumb"},"inLanguage":"fr-FR","potentialAction":[{"@type":"ReadAction","target":["https:\/\/nobis-printen.de\/fr\/conditions-generales-de-vente\/"]}]},{"@type":"BreadcrumbList","@id":"https:\/\/nobis-printen.de\/fr\/conditions-generales-de-vente\/#breadcrumb","itemListElement":[{"@type":"ListItem","position":1,"name":"Startseite","item":"https:\/\/nobis-printen.de\/fr\/"},{"@type":"ListItem","position":2,"name":"CONDITIONS G\u00c9N\u00c9RALES DE VENTE"}]},{"@type":"WebSite","@id":"https:\/\/nobis-printen.de\/fr\/#website","url":"https:\/\/nobis-printen.de\/fr\/","name":"Nobis Printen Aachen","description":"Printenb\u00e4ckerei Nobis Printen Aachen","potentialAction":[{"@type":"SearchAction","target":{"@type":"EntryPoint","urlTemplate":"https:\/\/nobis-printen.de\/fr\/?s={search_term_string}"},"query-input":{"@type":"PropertyValueSpecification","valueRequired":true,"valueName":"search_term_string"}}],"inLanguage":"fr-FR"}]}},"_links":{"self":[{"href":"https:\/\/nobis-printen.de\/fr\/wp-json\/wp\/v2\/pages\/13931","targetHints":{"allow":["GET"]}}],"collection":[{"href":"https:\/\/nobis-printen.de\/fr\/wp-json\/wp\/v2\/pages"}],"about":[{"href":"https:\/\/nobis-printen.de\/fr\/wp-json\/wp\/v2\/types\/page"}],"author":[{"embeddable":true,"href":"https:\/\/nobis-printen.de\/fr\/wp-json\/wp\/v2\/users\/1"}],"replies":[{"embeddable":true,"href":"https:\/\/nobis-printen.de\/fr\/wp-json\/wp\/v2\/comments?post=13931"}],"version-history":[{"count":0,"href":"https:\/\/nobis-printen.de\/fr\/wp-json\/wp\/v2\/pages\/13931\/revisions"}],"wp:attachment":[{"href":"https:\/\/nobis-printen.de\/fr\/wp-json\/wp\/v2\/media?parent=13931"}],"curies":[{"name":"wp","href":"https:\/\/api.w.org\/{rel}","templated":true}]}}