{"id":13868,"date":"2023-03-30T10:05:24","date_gmt":"2023-03-30T08:05:24","guid":{"rendered":"https:\/\/nobis-printen.de\/sans-lactose\/"},"modified":"2023-03-30T10:05:25","modified_gmt":"2023-03-30T08:05:25","slug":"sans-lactose","status":"publish","type":"page","link":"https:\/\/nobis-printen.de\/fr\/sans-lactose\/","title":{"rendered":"Sans lactose"},"content":{"rendered":"<div class=\"fusion-fullwidth fullwidth-box fusion-builder-row-1 fusion-flex-container nonhundred-percent-fullwidth non-hundred-percent-height-scrolling\" style=\"--awb-border-radius-top-left:0px;--awb-border-radius-top-right:0px;--awb-border-radius-bottom-right:0px;--awb-border-radius-bottom-left:0px;--awb-flex-wrap:wrap;\" ><div class=\"fusion-builder-row fusion-row fusion-flex-align-items-flex-start fusion-flex-content-wrap\" style=\"max-width:1268.8px;margin-left: calc(-4% \/ 2 );margin-right: calc(-4% \/ 2 );\"><div class=\"fusion-layout-column fusion_builder_column fusion-builder-column-0 fusion_builder_column_1_1 1_1 fusion-flex-column\" style=\"--awb-bg-size:cover;--awb-width-large:100%;--awb-margin-top-large:10px;--awb-spacing-right-large:1.92%;--awb-margin-bottom-large:10px;--awb-spacing-left-large:1.92%;--awb-width-medium:100%;--awb-order-medium:0;--awb-spacing-right-medium:1.92%;--awb-spacing-left-medium:1.92%;--awb-width-small:100%;--awb-order-small:0;--awb-spacing-right-small:1.92%;--awb-spacing-left-small:1.92%;\"><div class=\"fusion-column-wrapper fusion-column-has-shadow fusion-flex-justify-content-flex-start fusion-content-layout-column\"><div class=\"fusion-title title fusion-title-1 fusion-sep-none fusion-title-center fusion-title-text fusion-title-size-one\" style=\"--awb-margin-top:20px;--awb-margin-top-small:25px;--awb-margin-right-small:0px;--awb-margin-bottom-small:16px;--awb-margin-left-small:0px;\"><h1 class=\"fusion-title-heading title-heading-center fusion-responsive-typography-calculated\" style=\"margin:0;--fontSize:45;line-height:1.22;\">SANS LACTOS<\/h1><\/div><div class=\"fusion-text fusion-text-1\" style=\"--awb-content-alignment:center;\"><p>NOS PAINS, PETITS PAINS, P\u00c2TISSERIES ET PRINTS SANS LACTOSE<\/p>\n<\/div><div class=\"fusion-separator fusion-full-width-sep\" style=\"align-self: center;margin-left: auto;margin-right: auto;margin-top:30px;width:100%;\"><\/div><div class=\"fusion-image-element \" style=\"text-align:center;--awb-caption-title-font-family:var(--h2_typography-font-family);--awb-caption-title-font-weight:var(--h2_typography-font-weight);--awb-caption-title-font-style:var(--h2_typography-font-style);--awb-caption-title-size:var(--h2_typography-font-size);--awb-caption-title-transform:var(--h2_typography-text-transform);--awb-caption-title-line-height:var(--h2_typography-line-height);--awb-caption-title-letter-spacing:var(--h2_typography-letter-spacing);\"><span class=\" fusion-imageframe imageframe-dropshadow imageframe-1 hover-type-none\" style=\"-webkit-box-shadow: 14px 14px 18px rgba(51,51,56,0.3);box-shadow: 14px 14px 18px rgba(51,51,56,0.3);\"><img decoding=\"async\" width=\"591\" height=\"836\" alt=\"NOB 13964 Laktosefrei September 2021 DRUCK\" title=\"Laktosefrei 1 2022\" src=\"https:\/\/nobis-printen.de\/wp-content\/uploads\/2022\/01\/Laktosefrei_1_2022.jpg\" class=\"img-responsive wp-image-12918\" srcset=\"https:\/\/nobis-printen.de\/wp-content\/uploads\/2022\/01\/Laktosefrei_1_2022-200x283.jpg 200w, https:\/\/nobis-printen.de\/wp-content\/uploads\/2022\/01\/Laktosefrei_1_2022-400x566.jpg 400w, https:\/\/nobis-printen.de\/wp-content\/uploads\/2022\/01\/Laktosefrei_1_2022.jpg 591w\" sizes=\"(max-width: 1024px) 100vw, (max-width: 640px) 100vw, 591px\" \/><\/span><\/div><\/div><\/div><\/div><\/div>\n","protected":false},"excerpt":{"rendered":"","protected":false},"author":1,"featured_media":0,"parent":0,"menu_order":0,"comment_status":"closed","ping_status":"closed","template":"","meta":{"_acf_changed":false,"footnotes":""},"class_list":["post-13868","page","type-page","status-publish","hentry"],"acf":[],"yoast_head":"<!-- This site is optimized with the Yoast SEO plugin v27.4 - https:\/\/yoast.com\/product\/yoast-seo-wordpress\/ -->\n<title>Nobis Printen -Pain, petits pains, p\u00e2tisseries fines et printen sans lactose<\/title>\n<meta name=\"description\" content=\"D\u00e9couvrez notre large gamme de produits de boulangerie sans lactose ! Qu&#039;il s&#039;agisse de pains, de petits pains, de p\u00e2tisseries fines ou de printen, chacun y trouvera son compte !\" \/>\n<meta name=\"robots\" content=\"index, follow, max-snippet:-1, max-image-preview:large, max-video-preview:-1\" \/>\n<link rel=\"canonical\" href=\"https:\/\/nobis-printen.de\/fr\/sans-lactose\/\" \/>\n<meta property=\"og:locale\" content=\"fr_FR\" \/>\n<meta property=\"og:type\" content=\"article\" \/>\n<meta property=\"og:title\" content=\"Nobis Printen -Pain, petits pains, p\u00e2tisseries fines et printen sans lactose\" \/>\n<meta property=\"og:description\" content=\"D\u00e9couvrez notre large gamme de produits de boulangerie sans lactose ! Qu&#039;il s&#039;agisse de pains, de petits pains, de p\u00e2tisseries fines ou de printen, chacun y trouvera son compte !\" \/>\n<meta property=\"og:url\" content=\"https:\/\/nobis-printen.de\/fr\/sans-lactose\/\" \/>\n<meta property=\"og:site_name\" content=\"Nobis Printen Aachen\" \/>\n<meta property=\"article:publisher\" content=\"https:\/\/www.facebook.com\/nobisprinten\" \/>\n<meta property=\"article:modified_time\" content=\"2023-03-30T08:05:25+00:00\" \/>\n<meta name=\"twitter:card\" content=\"summary_large_image\" \/>\n<meta name=\"twitter:label1\" content=\"Dur\u00e9e de lecture estim\u00e9e\" \/>\n\t<meta name=\"twitter:data1\" content=\"4 minutes\" \/>\n<script type=\"application\/ld+json\" class=\"yoast-schema-graph\">{\"@context\":\"https:\\\/\\\/schema.org\",\"@graph\":[{\"@type\":\"WebPage\",\"@id\":\"https:\\\/\\\/nobis-printen.de\\\/fr\\\/sans-lactose\\\/\",\"url\":\"https:\\\/\\\/nobis-printen.de\\\/fr\\\/sans-lactose\\\/\",\"name\":\"Nobis Printen -Pain, petits pains, p\u00e2tisseries fines et printen sans lactose\",\"isPartOf\":{\"@id\":\"https:\\\/\\\/nobis-printen.de\\\/fr\\\/#website\"},\"datePublished\":\"2023-03-30T08:05:24+00:00\",\"dateModified\":\"2023-03-30T08:05:25+00:00\",\"description\":\"D\u00e9couvrez notre large gamme de produits de boulangerie sans lactose ! Qu'il s'agisse de pains, de petits pains, de p\u00e2tisseries fines ou de printen, chacun y trouvera son compte !\",\"breadcrumb\":{\"@id\":\"https:\\\/\\\/nobis-printen.de\\\/fr\\\/sans-lactose\\\/#breadcrumb\"},\"inLanguage\":\"fr-FR\",\"potentialAction\":[{\"@type\":\"ReadAction\",\"target\":[\"https:\\\/\\\/nobis-printen.de\\\/fr\\\/sans-lactose\\\/\"]}]},{\"@type\":\"BreadcrumbList\",\"@id\":\"https:\\\/\\\/nobis-printen.de\\\/fr\\\/sans-lactose\\\/#breadcrumb\",\"itemListElement\":[{\"@type\":\"ListItem\",\"position\":1,\"name\":\"Startseite\",\"item\":\"https:\\\/\\\/nobis-printen.de\\\/fr\\\/\"},{\"@type\":\"ListItem\",\"position\":2,\"name\":\"Sans lactose\"}]},{\"@type\":\"WebSite\",\"@id\":\"https:\\\/\\\/nobis-printen.de\\\/fr\\\/#website\",\"url\":\"https:\\\/\\\/nobis-printen.de\\\/fr\\\/\",\"name\":\"Nobis Printen Aachen\",\"description\":\"Printenb\u00e4ckerei Nobis Printen Aachen\",\"potentialAction\":[{\"@type\":\"SearchAction\",\"target\":{\"@type\":\"EntryPoint\",\"urlTemplate\":\"https:\\\/\\\/nobis-printen.de\\\/fr\\\/?s={search_term_string}\"},\"query-input\":{\"@type\":\"PropertyValueSpecification\",\"valueRequired\":true,\"valueName\":\"search_term_string\"}}],\"inLanguage\":\"fr-FR\"}]}<\/script>\n<!-- \/ Yoast SEO plugin. -->","yoast_head_json":{"title":"Nobis Printen -Pain, petits pains, p\u00e2tisseries fines et printen sans lactose","description":"D\u00e9couvrez notre large gamme de produits de boulangerie sans lactose ! Qu'il s'agisse de pains, de petits pains, de p\u00e2tisseries fines ou de printen, chacun y trouvera son compte !","robots":{"index":"index","follow":"follow","max-snippet":"max-snippet:-1","max-image-preview":"max-image-preview:large","max-video-preview":"max-video-preview:-1"},"canonical":"https:\/\/nobis-printen.de\/fr\/sans-lactose\/","og_locale":"fr_FR","og_type":"article","og_title":"Nobis Printen -Pain, petits pains, p\u00e2tisseries fines et printen sans lactose","og_description":"D\u00e9couvrez notre large gamme de produits de boulangerie sans lactose ! Qu'il s'agisse de pains, de petits pains, de p\u00e2tisseries fines ou de printen, chacun y trouvera son compte !","og_url":"https:\/\/nobis-printen.de\/fr\/sans-lactose\/","og_site_name":"Nobis Printen Aachen","article_publisher":"https:\/\/www.facebook.com\/nobisprinten","article_modified_time":"2023-03-30T08:05:25+00:00","twitter_card":"summary_large_image","twitter_misc":{"Dur\u00e9e de lecture estim\u00e9e":"4 minutes"},"schema":{"@context":"https:\/\/schema.org","@graph":[{"@type":"WebPage","@id":"https:\/\/nobis-printen.de\/fr\/sans-lactose\/","url":"https:\/\/nobis-printen.de\/fr\/sans-lactose\/","name":"Nobis Printen -Pain, petits pains, p\u00e2tisseries fines et printen sans lactose","isPartOf":{"@id":"https:\/\/nobis-printen.de\/fr\/#website"},"datePublished":"2023-03-30T08:05:24+00:00","dateModified":"2023-03-30T08:05:25+00:00","description":"D\u00e9couvrez notre large gamme de produits de boulangerie sans lactose ! Qu'il s'agisse de pains, de petits pains, de p\u00e2tisseries fines ou de printen, chacun y trouvera son compte !","breadcrumb":{"@id":"https:\/\/nobis-printen.de\/fr\/sans-lactose\/#breadcrumb"},"inLanguage":"fr-FR","potentialAction":[{"@type":"ReadAction","target":["https:\/\/nobis-printen.de\/fr\/sans-lactose\/"]}]},{"@type":"BreadcrumbList","@id":"https:\/\/nobis-printen.de\/fr\/sans-lactose\/#breadcrumb","itemListElement":[{"@type":"ListItem","position":1,"name":"Startseite","item":"https:\/\/nobis-printen.de\/fr\/"},{"@type":"ListItem","position":2,"name":"Sans lactose"}]},{"@type":"WebSite","@id":"https:\/\/nobis-printen.de\/fr\/#website","url":"https:\/\/nobis-printen.de\/fr\/","name":"Nobis Printen Aachen","description":"Printenb\u00e4ckerei Nobis Printen Aachen","potentialAction":[{"@type":"SearchAction","target":{"@type":"EntryPoint","urlTemplate":"https:\/\/nobis-printen.de\/fr\/?s={search_term_string}"},"query-input":{"@type":"PropertyValueSpecification","valueRequired":true,"valueName":"search_term_string"}}],"inLanguage":"fr-FR"}]}},"_links":{"self":[{"href":"https:\/\/nobis-printen.de\/fr\/wp-json\/wp\/v2\/pages\/13868","targetHints":{"allow":["GET"]}}],"collection":[{"href":"https:\/\/nobis-printen.de\/fr\/wp-json\/wp\/v2\/pages"}],"about":[{"href":"https:\/\/nobis-printen.de\/fr\/wp-json\/wp\/v2\/types\/page"}],"author":[{"embeddable":true,"href":"https:\/\/nobis-printen.de\/fr\/wp-json\/wp\/v2\/users\/1"}],"replies":[{"embeddable":true,"href":"https:\/\/nobis-printen.de\/fr\/wp-json\/wp\/v2\/comments?post=13868"}],"version-history":[{"count":0,"href":"https:\/\/nobis-printen.de\/fr\/wp-json\/wp\/v2\/pages\/13868\/revisions"}],"wp:attachment":[{"href":"https:\/\/nobis-printen.de\/fr\/wp-json\/wp\/v2\/media?parent=13868"}],"curies":[{"name":"wp","href":"https:\/\/api.w.org\/{rel}","templated":true}]}}