{"id":13814,"date":"2023-03-28T12:22:35","date_gmt":"2023-03-28T10:22:35","guid":{"rendered":"https:\/\/nobis-printen.de\/poschweck\/"},"modified":"2023-03-30T08:38:03","modified_gmt":"2023-03-30T06:38:03","slug":"poschweck","status":"publish","type":"page","link":"https:\/\/nobis-printen.de\/fr\/poschweck\/","title":{"rendered":"Poschweck"},"content":{"rendered":"<div class=\"fusion-fullwidth fullwidth-box fusion-builder-row-1 fusion-flex-container nonhundred-percent-fullwidth non-hundred-percent-height-scrolling\" style=\"--awb-border-radius-top-left:0px;--awb-border-radius-top-right:0px;--awb-border-radius-bottom-right:0px;--awb-border-radius-bottom-left:0px;--awb-margin-bottom:50px;--awb-flex-wrap:wrap;\" ><div class=\"fusion-builder-row fusion-row fusion-flex-align-items-flex-start fusion-flex-content-wrap\" style=\"max-width:1268.8px;margin-left: calc(-4% \/ 2 );margin-right: calc(-4% \/ 2 );\"><div class=\"fusion-layout-column fusion_builder_column fusion-builder-column-0 fusion_builder_column_1_2 1_2 fusion-flex-column\" style=\"--awb-bg-size:cover;--awb-width-large:50%;--awb-margin-top-large:10px;--awb-spacing-right-large:3.84%;--awb-margin-bottom-large:10px;--awb-spacing-left-large:3.84%;--awb-width-medium:100%;--awb-order-medium:0;--awb-spacing-right-medium:1.92%;--awb-spacing-left-medium:1.92%;--awb-width-small:100%;--awb-order-small:0;--awb-spacing-right-small:1.92%;--awb-spacing-left-small:1.92%;\"><div class=\"fusion-column-wrapper fusion-column-has-shadow fusion-flex-justify-content-center fusion-content-layout-column\"><div class=\"fusion-separator fusion-full-width-sep\" style=\"align-self: center;margin-left: auto;margin-right: auto;margin-top:50px;width:100%;\"><\/div><div class=\"fusion-image-element \" style=\"--awb-caption-title-font-family:var(--h2_typography-font-family);--awb-caption-title-font-weight:var(--h2_typography-font-weight);--awb-caption-title-font-style:var(--h2_typography-font-style);--awb-caption-title-size:var(--h2_typography-font-size);--awb-caption-title-transform:var(--h2_typography-text-transform);--awb-caption-title-line-height:var(--h2_typography-line-height);--awb-caption-title-letter-spacing:var(--h2_typography-letter-spacing);\"><span class=\" fusion-imageframe imageframe-none imageframe-1 hover-type-none\"><a class=\"fusion-no-lightbox\" href=\"https:\/\/shop.nobis-printen.de\/index.php?jtl_token=0d2f190af0b6ee60547b7e51b08961bbc1f4f97132ff9a553367e1a31e5eae7f&amp;qs=poschweck&amp;search=\" target=\"_self\" aria-label=\"Nobis Poschweck Aachenerprinten\"><img decoding=\"async\" width=\"773\" height=\"1758\" alt=\"Foto Butter Poschweck aufgeschnitten - Nobis Printen Aachen\" src=\"https:\/\/nobis-printen.de\/wp-content\/uploads\/2022\/03\/nobis-poschweck_aachenerprinten.jpg\" class=\"img-responsive wp-image-12982\" srcset=\"https:\/\/nobis-printen.de\/wp-content\/uploads\/2022\/03\/nobis-poschweck_aachenerprinten-200x455.jpg 200w, https:\/\/nobis-printen.de\/wp-content\/uploads\/2022\/03\/nobis-poschweck_aachenerprinten-400x910.jpg 400w, https:\/\/nobis-printen.de\/wp-content\/uploads\/2022\/03\/nobis-poschweck_aachenerprinten-600x1365.jpg 600w, https:\/\/nobis-printen.de\/wp-content\/uploads\/2022\/03\/nobis-poschweck_aachenerprinten.jpg 773w\" sizes=\"(max-width: 1024px) 100vw, (max-width: 640px) 100vw, 600px\" \/><\/a><\/span><\/div><\/div><\/div><div class=\"fusion-layout-column fusion_builder_column fusion-builder-column-1 fusion_builder_column_1_2 1_2 fusion-flex-column\" style=\"--awb-bg-size:cover;--awb-width-large:50%;--awb-margin-top-large:20px;--awb-spacing-right-large:3.84%;--awb-margin-bottom-large:10px;--awb-spacing-left-large:3.84%;--awb-width-medium:100%;--awb-order-medium:0;--awb-spacing-right-medium:1.92%;--awb-spacing-left-medium:1.92%;--awb-width-small:100%;--awb-order-small:0;--awb-spacing-right-small:1.92%;--awb-spacing-left-small:1.92%;\"><div class=\"fusion-column-wrapper fusion-column-has-shadow fusion-flex-justify-content-center fusion-content-layout-column\"><div class=\"fusion-title title fusion-title-1 fusion-sep-none fusion-title-text fusion-title-size-three\" style=\"--awb-margin-top-small:25px;--awb-margin-right-small:0px;--awb-margin-bottom-small:16px;--awb-margin-left-small:0px;\"><h3 class=\"fusion-title-heading title-heading-left fusion-responsive-typography-calculated\" style=\"margin:0;--fontSize:22;--minFontSize:22;line-height:1.27;\">L&rsquo;histoire du ch\u00e8que postal<\/h3><\/div><div class=\"fusion-text fusion-text-1\"><p>\u00ab\u00a0Nous savourons donc les \u0153ufs de P\u00e2ques tout en mangeant du pain blanc sucr\u00e9, avec lequel les boulangers ont l&rsquo;habitude, selon l&rsquo;ancien usage, de faire un cadeau \u00e0 leurs clients chaque ann\u00e9e \u00e0 P\u00e2ques\u00a0\u00bb, lisons-nous dans les notes de l&rsquo;archiviste Meyer de 1788. Cela ne vaut pas seulement pour la ville Aix-la-Chapelle, mais aussi pour son \u00ab\u00a0royaume\u00a0\u00bb, les quartiers de W\u00fcrselen, Weiden, Haaren, Orsbach, Laurensberg et Vaals, ainsi que pour toute la r\u00e9gion d&rsquo;Aix-la-Chapelle.<br \/>\nLes clients des boulangers avaient droit \u00e0 l&rsquo;Est \u00e0 un pain doux livr\u00e9 gratuitement, le \u00ab\u00a0Poschweck\u00a0\u00bb. Le nom est compos\u00e9 du mot dialectal aixois \u00ab\u00a0Poschen\u00a0\u00bb (P\u00e2ques) et \u00ab\u00a0Weck\u00a0\u00bb (petits pains). Poschweck signifie donc tout simplement \u00ab\u00a0petit pain de P\u00e2ques\u00a0\u00bb. En 1760, l&rsquo;huissier du maire Johannes Jansen remarquait dans son journal : \u00ab\u00a0aux alentours de P\u00e2ques, les boulangers n&rsquo;ont pas voulu faire de pains de P\u00e2ques. Seul le magistrat les a oblig\u00e9s \u00e0 en faire pour leur argent\u00a0\u00bb. En raison du rench\u00e9rissement g\u00e9n\u00e9ral, les Fran\u00e7ais interdirent la fabrication de \u00ab\u00a0Poschwecken\u00a0\u00bb pour 1795. Les boulangers d&rsquo;Aix-la-Chapelle ont saisi l&rsquo;occasion pour refuser \u00e9galement l&rsquo;ann\u00e9e suivante \u00e0 leurs clients le cadeau de P\u00e2ques habituel. Le 1er avril 1796, le conseil municipal d&rsquo;Aix-la-Chapelle \u00e9mit un ordre s\u00e9v\u00e8re exigeant et imposant une livraison imm\u00e9diate des Osterwecken dans un d\u00e9lai de dix jours. Il a fallu plus d&rsquo;un demi-si\u00e8cle avant que les boulangers ne se mobilisent \u00e0 nouveau pour r\u00e9sister.<br \/>\nEn 1846, la bourgeoisie d&rsquo;Aix-la-Chapelle r\u00e9pondit \u00e0 la d\u00e9claration publique des ma\u00eetres boulangers selon laquelle ils n&rsquo;offriraient plus \u00e0 l&rsquo;avenir de sucreries \u00e0 P\u00e2ques par une r\u00e9volution mi-carnavalesque, mi-s\u00e9rieuse du Poschweck, au cours de laquelle quelques vitres de boutiques de boulangers furent bris\u00e9es. Le gouvernement s&rsquo;est rang\u00e9 du c\u00f4t\u00e9 de la bourgeoisie qui luttait pour son Poschweck &#8211; les boulangers devaient reprendre l&rsquo;ancienne coutume.<br \/>\nEn 1888, la corporation des boulangers d&rsquo;Aix-la-Chapelle obtint que l&rsquo;on puisse certes obtenir des \u00ab\u00a0Poschwecken\u00a0\u00bb \u00e0 P\u00e2ques dans chaque boulangerie, mais contre une bonne somme d&rsquo;argent.<br \/>\nDepuis lors, il n&rsquo;y a plus eu de pain gratuit \u00e0 P\u00e2ques, m\u00eame dans l&rsquo;entourage.<\/p>\n<p><a href=\"https:\/\/shop.nobis-printen.de\/index.php?jtl_token=0d2f190af0b6ee60547b7e51b08961bbc1f4f97132ff9a553367e1a31e5eae7f&amp;qs=poschweck&amp;search=\">Vous trouverez ici notre Poschweck en trois tailles.<\/a><\/p>\n<\/div><\/div><\/div><\/div><\/div>\n","protected":false},"excerpt":{"rendered":"","protected":false},"author":6,"featured_media":0,"parent":0,"menu_order":0,"comment_status":"closed","ping_status":"closed","template":"","meta":{"_acf_changed":false,"footnotes":""},"class_list":["post-13814","page","type-page","status-publish","hentry"],"acf":[],"yoast_head":"<!-- This site is optimized with the Yoast SEO plugin v27.3 - https:\/\/yoast.com\/product\/yoast-seo-wordpress\/ -->\n<title>Nobis Printen - L&#039;histoire de notre d\u00e9licieux poschweck !<\/title>\n<meta name=\"description\" content=\"Quelle histoire se cache derri\u00e8re le pain de P\u00e2ques ? Le nom est compos\u00e9 du dialecte d&#039;Aix-la-Chapelle &quot;Poschen&quot; (P\u00e2ques) et &quot;Weck&quot; (petits pains).\" \/>\n<meta name=\"robots\" content=\"index, follow, max-snippet:-1, max-image-preview:large, max-video-preview:-1\" \/>\n<link rel=\"canonical\" href=\"https:\/\/nobis-printen.de\/fr\/poschweck\/\" \/>\n<meta property=\"og:locale\" content=\"fr_FR\" \/>\n<meta property=\"og:type\" content=\"article\" \/>\n<meta property=\"og:title\" content=\"Nobis Printen - L&#039;histoire de notre d\u00e9licieux poschweck !\" \/>\n<meta property=\"og:description\" content=\"Quelle histoire se cache derri\u00e8re le pain de P\u00e2ques ? Le nom est compos\u00e9 du dialecte d&#039;Aix-la-Chapelle &quot;Poschen&quot; (P\u00e2ques) et &quot;Weck&quot; (petits pains).\" \/>\n<meta property=\"og:url\" content=\"https:\/\/nobis-printen.de\/fr\/poschweck\/\" \/>\n<meta property=\"og:site_name\" content=\"Nobis Printen Aachen\" \/>\n<meta property=\"article:publisher\" content=\"https:\/\/www.facebook.com\/nobisprinten\" \/>\n<meta property=\"article:modified_time\" content=\"2023-03-30T06:38:03+00:00\" \/>\n<meta name=\"twitter:card\" content=\"summary_large_image\" \/>\n<meta name=\"twitter:label1\" content=\"Dur\u00e9e de lecture estim\u00e9e\" \/>\n\t<meta name=\"twitter:data1\" content=\"8 minutes\" \/>\n<script type=\"application\/ld+json\" class=\"yoast-schema-graph\">{\"@context\":\"https:\\\/\\\/schema.org\",\"@graph\":[{\"@type\":\"WebPage\",\"@id\":\"https:\\\/\\\/nobis-printen.de\\\/fr\\\/poschweck\\\/\",\"url\":\"https:\\\/\\\/nobis-printen.de\\\/fr\\\/poschweck\\\/\",\"name\":\"Nobis Printen - L'histoire de notre d\u00e9licieux poschweck !\",\"isPartOf\":{\"@id\":\"https:\\\/\\\/nobis-printen.de\\\/fr\\\/#website\"},\"datePublished\":\"2023-03-28T10:22:35+00:00\",\"dateModified\":\"2023-03-30T06:38:03+00:00\",\"description\":\"Quelle histoire se cache derri\u00e8re le pain de P\u00e2ques ? Le nom est compos\u00e9 du dialecte d'Aix-la-Chapelle \\\"Poschen\\\" (P\u00e2ques) et \\\"Weck\\\" (petits pains).\",\"breadcrumb\":{\"@id\":\"https:\\\/\\\/nobis-printen.de\\\/fr\\\/poschweck\\\/#breadcrumb\"},\"inLanguage\":\"fr-FR\",\"potentialAction\":[{\"@type\":\"ReadAction\",\"target\":[\"https:\\\/\\\/nobis-printen.de\\\/fr\\\/poschweck\\\/\"]}]},{\"@type\":\"BreadcrumbList\",\"@id\":\"https:\\\/\\\/nobis-printen.de\\\/fr\\\/poschweck\\\/#breadcrumb\",\"itemListElement\":[{\"@type\":\"ListItem\",\"position\":1,\"name\":\"Startseite\",\"item\":\"https:\\\/\\\/nobis-printen.de\\\/fr\\\/\"},{\"@type\":\"ListItem\",\"position\":2,\"name\":\"Poschweck\"}]},{\"@type\":\"WebSite\",\"@id\":\"https:\\\/\\\/nobis-printen.de\\\/fr\\\/#website\",\"url\":\"https:\\\/\\\/nobis-printen.de\\\/fr\\\/\",\"name\":\"Nobis Printen Aachen\",\"description\":\"Printenb\u00e4ckerei Nobis Printen Aachen\",\"potentialAction\":[{\"@type\":\"SearchAction\",\"target\":{\"@type\":\"EntryPoint\",\"urlTemplate\":\"https:\\\/\\\/nobis-printen.de\\\/fr\\\/?s={search_term_string}\"},\"query-input\":{\"@type\":\"PropertyValueSpecification\",\"valueRequired\":true,\"valueName\":\"search_term_string\"}}],\"inLanguage\":\"fr-FR\"}]}<\/script>\n<!-- \/ Yoast SEO plugin. -->","yoast_head_json":{"title":"Nobis Printen - L'histoire de notre d\u00e9licieux poschweck !","description":"Quelle histoire se cache derri\u00e8re le pain de P\u00e2ques ? Le nom est compos\u00e9 du dialecte d'Aix-la-Chapelle \"Poschen\" (P\u00e2ques) et \"Weck\" (petits pains).","robots":{"index":"index","follow":"follow","max-snippet":"max-snippet:-1","max-image-preview":"max-image-preview:large","max-video-preview":"max-video-preview:-1"},"canonical":"https:\/\/nobis-printen.de\/fr\/poschweck\/","og_locale":"fr_FR","og_type":"article","og_title":"Nobis Printen - L'histoire de notre d\u00e9licieux poschweck !","og_description":"Quelle histoire se cache derri\u00e8re le pain de P\u00e2ques ? Le nom est compos\u00e9 du dialecte d'Aix-la-Chapelle \"Poschen\" (P\u00e2ques) et \"Weck\" (petits pains).","og_url":"https:\/\/nobis-printen.de\/fr\/poschweck\/","og_site_name":"Nobis Printen Aachen","article_publisher":"https:\/\/www.facebook.com\/nobisprinten","article_modified_time":"2023-03-30T06:38:03+00:00","twitter_card":"summary_large_image","twitter_misc":{"Dur\u00e9e de lecture estim\u00e9e":"8 minutes"},"schema":{"@context":"https:\/\/schema.org","@graph":[{"@type":"WebPage","@id":"https:\/\/nobis-printen.de\/fr\/poschweck\/","url":"https:\/\/nobis-printen.de\/fr\/poschweck\/","name":"Nobis Printen - L'histoire de notre d\u00e9licieux poschweck !","isPartOf":{"@id":"https:\/\/nobis-printen.de\/fr\/#website"},"datePublished":"2023-03-28T10:22:35+00:00","dateModified":"2023-03-30T06:38:03+00:00","description":"Quelle histoire se cache derri\u00e8re le pain de P\u00e2ques ? Le nom est compos\u00e9 du dialecte d'Aix-la-Chapelle \"Poschen\" (P\u00e2ques) et \"Weck\" (petits pains).","breadcrumb":{"@id":"https:\/\/nobis-printen.de\/fr\/poschweck\/#breadcrumb"},"inLanguage":"fr-FR","potentialAction":[{"@type":"ReadAction","target":["https:\/\/nobis-printen.de\/fr\/poschweck\/"]}]},{"@type":"BreadcrumbList","@id":"https:\/\/nobis-printen.de\/fr\/poschweck\/#breadcrumb","itemListElement":[{"@type":"ListItem","position":1,"name":"Startseite","item":"https:\/\/nobis-printen.de\/fr\/"},{"@type":"ListItem","position":2,"name":"Poschweck"}]},{"@type":"WebSite","@id":"https:\/\/nobis-printen.de\/fr\/#website","url":"https:\/\/nobis-printen.de\/fr\/","name":"Nobis Printen Aachen","description":"Printenb\u00e4ckerei Nobis Printen Aachen","potentialAction":[{"@type":"SearchAction","target":{"@type":"EntryPoint","urlTemplate":"https:\/\/nobis-printen.de\/fr\/?s={search_term_string}"},"query-input":{"@type":"PropertyValueSpecification","valueRequired":true,"valueName":"search_term_string"}}],"inLanguage":"fr-FR"}]}},"_links":{"self":[{"href":"https:\/\/nobis-printen.de\/fr\/wp-json\/wp\/v2\/pages\/13814","targetHints":{"allow":["GET"]}}],"collection":[{"href":"https:\/\/nobis-printen.de\/fr\/wp-json\/wp\/v2\/pages"}],"about":[{"href":"https:\/\/nobis-printen.de\/fr\/wp-json\/wp\/v2\/types\/page"}],"author":[{"embeddable":true,"href":"https:\/\/nobis-printen.de\/fr\/wp-json\/wp\/v2\/users\/6"}],"replies":[{"embeddable":true,"href":"https:\/\/nobis-printen.de\/fr\/wp-json\/wp\/v2\/comments?post=13814"}],"version-history":[{"count":0,"href":"https:\/\/nobis-printen.de\/fr\/wp-json\/wp\/v2\/pages\/13814\/revisions"}],"wp:attachment":[{"href":"https:\/\/nobis-printen.de\/fr\/wp-json\/wp\/v2\/media?parent=13814"}],"curies":[{"name":"wp","href":"https:\/\/api.w.org\/{rel}","templated":true}]}}