{"id":13671,"date":"2023-03-24T10:08:03","date_gmt":"2023-03-24T09:08:03","guid":{"rendered":"https:\/\/nobis-printen.de\/heures-douverture-les-jours-feries\/"},"modified":"2023-03-24T10:08:04","modified_gmt":"2023-03-24T09:08:04","slug":"heures-douverture-les-jours-feries","status":"publish","type":"page","link":"https:\/\/nobis-printen.de\/fr\/heures-douverture-les-jours-feries\/","title":{"rendered":"Heures d&rsquo;ouverture les jours f\u00e9ri\u00e9s"},"content":{"rendered":"<p><\/p>\n","protected":false},"excerpt":{"rendered":"","protected":false},"author":1,"featured_media":0,"parent":0,"menu_order":0,"comment_status":"closed","ping_status":"closed","template":"100-width.php","meta":{"_acf_changed":false,"footnotes":""},"class_list":["post-13671","page","type-page","status-publish","hentry"],"acf":[],"yoast_head":"<!-- This site is optimized with the Yoast SEO plugin v27.3 - https:\/\/yoast.com\/product\/yoast-seo-wordpress\/ -->\n<title>Avant les jours f\u00e9ri\u00e9s, vous trouverez ici en temps utile nos heures d&#039;ouverture pour les jours f\u00e9ri\u00e9s.<\/title>\n<meta name=\"description\" content=\"Vous trouverez ici toutes les heures d&#039;ouverture et les adresses de nos filiales et caf\u00e9s Nobis Printen pendant les jours f\u00e9ri\u00e9s. Nous nous r\u00e9jouissons de vous accueillir !\" \/>\n<meta name=\"robots\" content=\"index, follow, max-snippet:-1, max-image-preview:large, max-video-preview:-1\" \/>\n<link rel=\"canonical\" href=\"https:\/\/nobis-printen.de\/fr\/heures-douverture-les-jours-feries\/\" \/>\n<meta property=\"og:locale\" content=\"fr_FR\" \/>\n<meta property=\"og:type\" content=\"article\" \/>\n<meta property=\"og:title\" content=\"Avant les jours f\u00e9ri\u00e9s, vous trouverez ici en temps utile nos heures d&#039;ouverture pour les jours f\u00e9ri\u00e9s.\" \/>\n<meta property=\"og:description\" content=\"Vous trouverez ici toutes les heures d&#039;ouverture et les adresses de nos filiales et caf\u00e9s Nobis Printen pendant les jours f\u00e9ri\u00e9s. Nous nous r\u00e9jouissons de vous accueillir !\" \/>\n<meta property=\"og:url\" content=\"https:\/\/nobis-printen.de\/fr\/heures-douverture-les-jours-feries\/\" \/>\n<meta property=\"og:site_name\" content=\"Nobis Printen Aachen\" \/>\n<meta property=\"article:publisher\" content=\"https:\/\/www.facebook.com\/nobisprinten\" \/>\n<meta property=\"article:modified_time\" content=\"2023-03-24T09:08:04+00:00\" \/>\n<meta name=\"twitter:card\" content=\"summary_large_image\" \/>\n<meta name=\"twitter:label1\" content=\"Dur\u00e9e de lecture estim\u00e9e\" \/>\n\t<meta name=\"twitter:data1\" content=\"59 minutes\" \/>\n<script type=\"application\/ld+json\" class=\"yoast-schema-graph\">{\"@context\":\"https:\\\/\\\/schema.org\",\"@graph\":[{\"@type\":\"WebPage\",\"@id\":\"https:\\\/\\\/nobis-printen.de\\\/fr\\\/heures-douverture-les-jours-feries\\\/\",\"url\":\"https:\\\/\\\/nobis-printen.de\\\/fr\\\/heures-douverture-les-jours-feries\\\/\",\"name\":\"Avant les jours f\u00e9ri\u00e9s, vous trouverez ici en temps utile nos heures d'ouverture pour les jours f\u00e9ri\u00e9s.\",\"isPartOf\":{\"@id\":\"https:\\\/\\\/nobis-printen.de\\\/fr\\\/#website\"},\"datePublished\":\"2023-03-24T09:08:03+00:00\",\"dateModified\":\"2023-03-24T09:08:04+00:00\",\"description\":\"Vous trouverez ici toutes les heures d'ouverture et les adresses de nos filiales et caf\u00e9s Nobis Printen pendant les jours f\u00e9ri\u00e9s. Nous nous r\u00e9jouissons de vous accueillir !\",\"breadcrumb\":{\"@id\":\"https:\\\/\\\/nobis-printen.de\\\/fr\\\/heures-douverture-les-jours-feries\\\/#breadcrumb\"},\"inLanguage\":\"fr-FR\",\"potentialAction\":[{\"@type\":\"ReadAction\",\"target\":[\"https:\\\/\\\/nobis-printen.de\\\/fr\\\/heures-douverture-les-jours-feries\\\/\"]}]},{\"@type\":\"BreadcrumbList\",\"@id\":\"https:\\\/\\\/nobis-printen.de\\\/fr\\\/heures-douverture-les-jours-feries\\\/#breadcrumb\",\"itemListElement\":[{\"@type\":\"ListItem\",\"position\":1,\"name\":\"Startseite\",\"item\":\"https:\\\/\\\/nobis-printen.de\\\/fr\\\/\"},{\"@type\":\"ListItem\",\"position\":2,\"name\":\"Heures d&rsquo;ouverture les jours f\u00e9ri\u00e9s\"}]},{\"@type\":\"WebSite\",\"@id\":\"https:\\\/\\\/nobis-printen.de\\\/fr\\\/#website\",\"url\":\"https:\\\/\\\/nobis-printen.de\\\/fr\\\/\",\"name\":\"Nobis Printen Aachen\",\"description\":\"Printenb\u00e4ckerei Nobis Printen Aachen\",\"potentialAction\":[{\"@type\":\"SearchAction\",\"target\":{\"@type\":\"EntryPoint\",\"urlTemplate\":\"https:\\\/\\\/nobis-printen.de\\\/fr\\\/?s={search_term_string}\"},\"query-input\":{\"@type\":\"PropertyValueSpecification\",\"valueRequired\":true,\"valueName\":\"search_term_string\"}}],\"inLanguage\":\"fr-FR\"}]}<\/script>\n<!-- \/ Yoast SEO plugin. -->","yoast_head_json":{"title":"Avant les jours f\u00e9ri\u00e9s, vous trouverez ici en temps utile nos heures d'ouverture pour les jours f\u00e9ri\u00e9s.","description":"Vous trouverez ici toutes les heures d'ouverture et les adresses de nos filiales et caf\u00e9s Nobis Printen pendant les jours f\u00e9ri\u00e9s. Nous nous r\u00e9jouissons de vous accueillir !","robots":{"index":"index","follow":"follow","max-snippet":"max-snippet:-1","max-image-preview":"max-image-preview:large","max-video-preview":"max-video-preview:-1"},"canonical":"https:\/\/nobis-printen.de\/fr\/heures-douverture-les-jours-feries\/","og_locale":"fr_FR","og_type":"article","og_title":"Avant les jours f\u00e9ri\u00e9s, vous trouverez ici en temps utile nos heures d'ouverture pour les jours f\u00e9ri\u00e9s.","og_description":"Vous trouverez ici toutes les heures d'ouverture et les adresses de nos filiales et caf\u00e9s Nobis Printen pendant les jours f\u00e9ri\u00e9s. Nous nous r\u00e9jouissons de vous accueillir !","og_url":"https:\/\/nobis-printen.de\/fr\/heures-douverture-les-jours-feries\/","og_site_name":"Nobis Printen Aachen","article_publisher":"https:\/\/www.facebook.com\/nobisprinten","article_modified_time":"2023-03-24T09:08:04+00:00","twitter_card":"summary_large_image","twitter_misc":{"Dur\u00e9e de lecture estim\u00e9e":"59 minutes"},"schema":{"@context":"https:\/\/schema.org","@graph":[{"@type":"WebPage","@id":"https:\/\/nobis-printen.de\/fr\/heures-douverture-les-jours-feries\/","url":"https:\/\/nobis-printen.de\/fr\/heures-douverture-les-jours-feries\/","name":"Avant les jours f\u00e9ri\u00e9s, vous trouverez ici en temps utile nos heures d'ouverture pour les jours f\u00e9ri\u00e9s.","isPartOf":{"@id":"https:\/\/nobis-printen.de\/fr\/#website"},"datePublished":"2023-03-24T09:08:03+00:00","dateModified":"2023-03-24T09:08:04+00:00","description":"Vous trouverez ici toutes les heures d'ouverture et les adresses de nos filiales et caf\u00e9s Nobis Printen pendant les jours f\u00e9ri\u00e9s. Nous nous r\u00e9jouissons de vous accueillir !","breadcrumb":{"@id":"https:\/\/nobis-printen.de\/fr\/heures-douverture-les-jours-feries\/#breadcrumb"},"inLanguage":"fr-FR","potentialAction":[{"@type":"ReadAction","target":["https:\/\/nobis-printen.de\/fr\/heures-douverture-les-jours-feries\/"]}]},{"@type":"BreadcrumbList","@id":"https:\/\/nobis-printen.de\/fr\/heures-douverture-les-jours-feries\/#breadcrumb","itemListElement":[{"@type":"ListItem","position":1,"name":"Startseite","item":"https:\/\/nobis-printen.de\/fr\/"},{"@type":"ListItem","position":2,"name":"Heures d&rsquo;ouverture les jours f\u00e9ri\u00e9s"}]},{"@type":"WebSite","@id":"https:\/\/nobis-printen.de\/fr\/#website","url":"https:\/\/nobis-printen.de\/fr\/","name":"Nobis Printen Aachen","description":"Printenb\u00e4ckerei Nobis Printen Aachen","potentialAction":[{"@type":"SearchAction","target":{"@type":"EntryPoint","urlTemplate":"https:\/\/nobis-printen.de\/fr\/?s={search_term_string}"},"query-input":{"@type":"PropertyValueSpecification","valueRequired":true,"valueName":"search_term_string"}}],"inLanguage":"fr-FR"}]}},"_links":{"self":[{"href":"https:\/\/nobis-printen.de\/fr\/wp-json\/wp\/v2\/pages\/13671","targetHints":{"allow":["GET"]}}],"collection":[{"href":"https:\/\/nobis-printen.de\/fr\/wp-json\/wp\/v2\/pages"}],"about":[{"href":"https:\/\/nobis-printen.de\/fr\/wp-json\/wp\/v2\/types\/page"}],"author":[{"embeddable":true,"href":"https:\/\/nobis-printen.de\/fr\/wp-json\/wp\/v2\/users\/1"}],"replies":[{"embeddable":true,"href":"https:\/\/nobis-printen.de\/fr\/wp-json\/wp\/v2\/comments?post=13671"}],"version-history":[{"count":0,"href":"https:\/\/nobis-printen.de\/fr\/wp-json\/wp\/v2\/pages\/13671\/revisions"}],"wp:attachment":[{"href":"https:\/\/nobis-printen.de\/fr\/wp-json\/wp\/v2\/media?parent=13671"}],"curies":[{"name":"wp","href":"https:\/\/api.w.org\/{rel}","templated":true}]}}