{"id":13605,"date":"2023-03-23T12:24:03","date_gmt":"2023-03-23T11:24:03","guid":{"rendered":"https:\/\/nobis-printen.de\/recompenses\/meister-werk-nrw\/"},"modified":"2023-03-23T12:24:04","modified_gmt":"2023-03-23T11:24:04","slug":"meister-werk-nrw","status":"publish","type":"page","link":"https:\/\/nobis-printen.de\/fr\/recompenses\/meister-werk-nrw\/","title":{"rendered":"MEISTER.WERK.NRW"},"content":{"rendered":"<div class=\"fusion-fullwidth fullwidth-box fusion-builder-row-1 fusion-flex-container nonhundred-percent-fullwidth non-hundred-percent-height-scrolling\" style=\"--awb-border-radius-top-left:0px;--awb-border-radius-top-right:0px;--awb-border-radius-bottom-right:0px;--awb-border-radius-bottom-left:0px;--awb-background-color:#ffffff;--awb-flex-wrap:wrap;\" ><div class=\"fusion-builder-row fusion-row fusion-flex-align-items-flex-start fusion-flex-content-wrap\" style=\"max-width:1268.8px;margin-left: calc(-4% \/ 2 );margin-right: calc(-4% \/ 2 );\"><div class=\"fusion-layout-column fusion_builder_column fusion-builder-column-0 fusion_builder_column_1_1 1_1 fusion-flex-column\" style=\"--awb-bg-size:cover;--awb-width-large:100%;--awb-margin-top-large:10px;--awb-spacing-right-large:1.92%;--awb-margin-bottom-large:10px;--awb-spacing-left-large:1.92%;--awb-width-medium:100%;--awb-order-medium:0;--awb-spacing-right-medium:1.92%;--awb-spacing-left-medium:1.92%;--awb-width-small:100%;--awb-order-small:0;--awb-spacing-right-small:1.92%;--awb-spacing-left-small:1.92%;\"><div class=\"fusion-column-wrapper fusion-column-has-shadow fusion-flex-justify-content-flex-start fusion-content-layout-column\"><div class=\"fusion-title title fusion-title-1 fusion-no-small-visibility fusion-sep-none fusion-title-center fusion-title-text fusion-title-size-one\" style=\"--awb-margin-top-small:25px;--awb-margin-right-small:0px;--awb-margin-bottom-small:16px;--awb-margin-left-small:0px;\"><h1 class=\"fusion-title-heading title-heading-center fusion-responsive-typography-calculated\" style=\"margin:0;--fontSize:45;line-height:1.22;\">MEISTER.WERK.NRW<\/h1><\/div><div class=\"fusion-title title fusion-title-2 fusion-no-medium-visibility fusion-no-large-visibility fusion-sep-none fusion-title-center fusion-title-text fusion-title-size-one\" style=\"--awb-margin-top-small:25px;--awb-margin-right-small:0px;--awb-margin-bottom-small:16px;--awb-margin-left-small:0px;--awb-font-size:32px;\"><h1 class=\"fusion-title-heading title-heading-center fusion-responsive-typography-calculated\" style=\"margin:0;letter-spacing:2px;font-size:1em;--fontSize:32;line-height:1.22;\">MEISTER.WERK.NRW<\/h1><\/div><div class=\"fusion-text fusion-text-1\" style=\"--awb-content-alignment:center;\"><p>NOBIS PRINTEN R\u00c9COMPENS\u00c9 POUR LA NEUVI\u00c8ME FOIS CONS\u00c9CUTIVE<\/p>\n<\/div><div class=\"fusion-separator fusion-full-width-sep\" style=\"align-self: center;margin-left: auto;margin-right: auto;margin-bottom:40px;width:100%;\"><\/div><\/div><\/div><div class=\"fusion-layout-column fusion_builder_column fusion-builder-column-1 fusion_builder_column_1_2 1_2 fusion-flex-column\" style=\"--awb-bg-size:cover;--awb-width-large:50%;--awb-margin-top-large:10px;--awb-spacing-right-large:3.84%;--awb-margin-bottom-large:10px;--awb-spacing-left-large:3.84%;--awb-width-medium:100%;--awb-order-medium:0;--awb-spacing-right-medium:1.92%;--awb-spacing-left-medium:1.92%;--awb-width-small:100%;--awb-order-small:0;--awb-spacing-right-small:1.92%;--awb-spacing-left-small:1.92%;\"><div class=\"fusion-column-wrapper fusion-column-has-shadow fusion-flex-justify-content-flex-start fusion-content-layout-column\"><div class=\"fusion-image-element \" style=\"--awb-caption-title-font-family:var(--h2_typography-font-family);--awb-caption-title-font-weight:var(--h2_typography-font-weight);--awb-caption-title-font-style:var(--h2_typography-font-style);--awb-caption-title-size:var(--h2_typography-font-size);--awb-caption-title-transform:var(--h2_typography-text-transform);--awb-caption-title-line-height:var(--h2_typography-line-height);--awb-caption-title-letter-spacing:var(--h2_typography-letter-spacing);\"><span class=\" fusion-imageframe imageframe-none imageframe-1 hover-type-none\"><img decoding=\"async\" src=\"https:\/\/nobis-printen.de\/wp-content\/uploads\/2022\/06\/meisterwerknrw_2022.jpg\" alt class=\"img-responsive\"\/><\/span><\/div><div class=\"fusion-separator fusion-full-width-sep\" style=\"align-self: center;margin-left: auto;margin-right: auto;margin-bottom:40px;width:100%;\"><\/div><div class=\"fusion-text fusion-text-2\"><p>Nobis Printen a \u00e9galement \u00e9t\u00e9 r\u00e9compens\u00e9 en 2022 par le minist\u00e8re de l&rsquo;agriculture et de la protection des consommateurs de Rh\u00e9nanie-du-Nord-Westphalie et compte parmi les meilleures boulangeries de toute la Rh\u00e9nanie-du-Nord-Westphalie.<\/p>\n<p>Une attention particuli\u00e8re a \u00e9t\u00e9 accord\u00e9e \u00e0 la qualit\u00e9 : Une excellente qualit\u00e9, un mode de fabrication artisanal selon nos propres recettes, une production durable, des ingr\u00e9dients r\u00e9gionaux, de bonnes conditions de travail et de formation et une politique de prix \u00e9quitable.<\/p>\n<\/div><div class=\"fusion-image-element \" style=\"--awb-caption-title-font-family:var(--h2_typography-font-family);--awb-caption-title-font-weight:var(--h2_typography-font-weight);--awb-caption-title-font-style:var(--h2_typography-font-style);--awb-caption-title-size:var(--h2_typography-font-size);--awb-caption-title-transform:var(--h2_typography-text-transform);--awb-caption-title-line-height:var(--h2_typography-line-height);--awb-caption-title-letter-spacing:var(--h2_typography-letter-spacing);\"><span class=\" fusion-imageframe imageframe-none imageframe-2 hover-type-none\"><img decoding=\"async\" width=\"892\" height=\"646\" alt=\"Foto Michael Nobis Meisterwerk NRW 2022 - Nobis Printen Aachen\" title=\"Meisterwerknrw 2022\" src=\"https:\/\/nobis-printen.de\/wp-content\/uploads\/2022\/06\/meisterwerknrw_2022-1.jpg\" class=\"img-responsive wp-image-13057\" srcset=\"https:\/\/nobis-printen.de\/wp-content\/uploads\/2022\/06\/meisterwerknrw_2022-1-200x145.jpg 200w, https:\/\/nobis-printen.de\/wp-content\/uploads\/2022\/06\/meisterwerknrw_2022-1-400x290.jpg 400w, https:\/\/nobis-printen.de\/wp-content\/uploads\/2022\/06\/meisterwerknrw_2022-1-600x435.jpg 600w, https:\/\/nobis-printen.de\/wp-content\/uploads\/2022\/06\/meisterwerknrw_2022-1-800x579.jpg 800w, https:\/\/nobis-printen.de\/wp-content\/uploads\/2022\/06\/meisterwerknrw_2022-1.jpg 892w\" sizes=\"(max-width: 1024px) 100vw, (max-width: 640px) 100vw, 600px\" \/><\/span><\/div><\/div><\/div><div class=\"fusion-layout-column fusion_builder_column fusion-builder-column-2 fusion_builder_column_1_2 1_2 fusion-flex-column\" style=\"--awb-bg-size:cover;--awb-width-large:50%;--awb-margin-top-large:10px;--awb-spacing-right-large:3.84%;--awb-margin-bottom-large:10px;--awb-spacing-left-large:3.84%;--awb-width-medium:100%;--awb-order-medium:0;--awb-spacing-right-medium:1.92%;--awb-spacing-left-medium:1.92%;--awb-width-small:100%;--awb-order-small:0;--awb-spacing-right-small:1.92%;--awb-spacing-left-small:1.92%;\"><div class=\"fusion-column-wrapper fusion-column-has-shadow fusion-flex-justify-content-flex-start fusion-content-layout-column\"><div class=\"fusion-text fusion-text-3\"><p><strong>Meister.Werk.NRW 2022 :<br \/>\nL&rsquo;artisanat alimentaire r\u00e9compens\u00e9<\/strong><br \/>\n<strong>Le secr\u00e9taire d&rsquo;\u00c9tat Dr Heinrich Bottermann : l&rsquo;artisanat alimentaire cr\u00e9e une identit\u00e9 et un foyer<\/strong><\/p>\n<p>Le secr\u00e9taire d&rsquo;\u00c9tat Dr Heinrich Bottermann a d\u00e9cern\u00e9 le prix d&rsquo;honneur du Land Meister.Werk.NRW \u00e0 des entreprises de l&rsquo;artisanat alimentaire. Parmi les laur\u00e9ats figuraient des entreprises membres de l&rsquo;Association des artisans boulangers rh\u00e9nans. Les laur\u00e9ats des m\u00e9tiers de la boulangerie, de la boucherie, de la p\u00e2tisserie et de la brasserie ont \u00e9t\u00e9 r\u00e9compens\u00e9s pour leurs performances particuli\u00e8res : \u00ab\u00a0L&rsquo;artisanat alimentaire en Rh\u00e9nanie-du-Nord-Westphalie cr\u00e9e des produits r\u00e9gionaux de grande qualit\u00e9 qui v\u00e9hiculent l&rsquo;identit\u00e9 et la patrie. Il garantit des emplois et des places d&rsquo;apprentissage, encourage la coop\u00e9ration au sein d&rsquo;une r\u00e9gion afin de mettre en place des cha\u00eenes de cr\u00e9ation de valeur stables et constitue un important fournisseur de proximit\u00e9, notamment dans les r\u00e9gions rurales\u00a0\u00bb, a d\u00e9clar\u00e9 le secr\u00e9taire d&rsquo;\u00c9tat Bottermann en rendant hommage \u00e0 l&rsquo;engagement du secteur.<\/p>\n<p>Depuis 2013, le gouvernement du Land de Rh\u00e9nanie-du-Nord-Westphalie r\u00e9compense les entreprises de boulangerie exceptionnelles pour leurs produits d&rsquo;une qualit\u00e9 particuli\u00e8re, leur savoir-faire artisanal, leur gestion responsable et leur ancrage r\u00e9gional en leur d\u00e9cernant le prix \u00ab\u00a0Meister.Werk.NRW\u00a0\u00bb. En 2017, des entreprises de p\u00e2tisserie ont \u00e9galement \u00e9t\u00e9 honor\u00e9es pour la premi\u00e8re fois.<\/p>\n<p>\u00ab\u00a0Les consommateurs s&rsquo;int\u00e9ressent de plus en plus \u00e0 l&rsquo;origine des produits et aux conditions dans lesquelles ils sont fabriqu\u00e9s. Les aliments produits localement, en particulier, gagnent de plus en plus en importance. Or, la production alimentaire artisanale signifie bien plus que le simple m\u00e9lange d&rsquo;ingr\u00e9dients. Derri\u00e8re un produit alimentaire se cachent des connaissances approfondies et une longue tradition\u00a0\u00bb, a d\u00e9clar\u00e9 le secr\u00e9taire d&rsquo;\u00c9tat Dr Heinrich Bottermann.<\/p>\n<p>Meister.Werk.NRW distingue les entreprises de l&rsquo;artisanat alimentaire, entre autres, pour leur capacit\u00e9 \u00e0 produire elles-m\u00eames, \u00e0 entretenir d&rsquo;anciennes recettes et \u00e0 \u00eatre en m\u00eame temps ouvertes \u00e0 de nouveaux produits ou modes de fabrication. Un exemple dans les boulangeries est le levain naturel que l&rsquo;on fabrique soi-m\u00eame et qui n&rsquo;a pas besoin d&rsquo;agents de panification artificiels.<\/p>\n<\/div><\/div><\/div><\/div><\/div>\n","protected":false},"excerpt":{"rendered":"","protected":false},"author":6,"featured_media":0,"parent":13589,"menu_order":0,"comment_status":"closed","ping_status":"closed","template":"","meta":{"_acf_changed":false,"footnotes":""},"class_list":["post-13605","page","type-page","status-publish","hentry"],"acf":[],"yoast_head":"<!-- This site is optimized with the Yoast SEO plugin v27.3 - https:\/\/yoast.com\/product\/yoast-seo-wordpress\/ -->\n<title>Nobis Printen - R\u00e9compens\u00e9 par le prix d&#039;honneur Meister.Werk.NRW<\/title>\n<meta name=\"description\" content=\"Nous avons \u00e9t\u00e9 r\u00e9compens\u00e9s pour la neuvi\u00e8me fois cons\u00e9cutive par le prix d&#039;honneur Meister.Werk.NRW en tant qu&#039;artisanat alimentaire d&#039;excellence.\" \/>\n<meta name=\"robots\" content=\"index, follow, max-snippet:-1, max-image-preview:large, max-video-preview:-1\" \/>\n<link rel=\"canonical\" href=\"https:\/\/nobis-printen.de\/fr\/recompenses\/meister-werk-nrw\/\" \/>\n<meta property=\"og:locale\" content=\"fr_FR\" \/>\n<meta property=\"og:type\" content=\"article\" \/>\n<meta property=\"og:title\" content=\"Nobis Printen - R\u00e9compens\u00e9 par le prix d&#039;honneur Meister.Werk.NRW\" \/>\n<meta property=\"og:description\" content=\"Nous avons \u00e9t\u00e9 r\u00e9compens\u00e9s pour la neuvi\u00e8me fois cons\u00e9cutive par le prix d&#039;honneur Meister.Werk.NRW en tant qu&#039;artisanat alimentaire d&#039;excellence.\" \/>\n<meta property=\"og:url\" content=\"https:\/\/nobis-printen.de\/fr\/recompenses\/meister-werk-nrw\/\" \/>\n<meta property=\"og:site_name\" content=\"Nobis Printen Aachen\" \/>\n<meta property=\"article:publisher\" content=\"https:\/\/www.facebook.com\/nobisprinten\" \/>\n<meta property=\"article:modified_time\" content=\"2023-03-23T11:24:04+00:00\" \/>\n<meta name=\"twitter:card\" content=\"summary_large_image\" \/>\n<meta name=\"twitter:label1\" content=\"Dur\u00e9e de lecture estim\u00e9e\" \/>\n\t<meta name=\"twitter:data1\" content=\"10 minutes\" \/>\n<script type=\"application\/ld+json\" class=\"yoast-schema-graph\">{\"@context\":\"https:\\\/\\\/schema.org\",\"@graph\":[{\"@type\":\"WebPage\",\"@id\":\"https:\\\/\\\/nobis-printen.de\\\/fr\\\/recompenses\\\/meister-werk-nrw\\\/\",\"url\":\"https:\\\/\\\/nobis-printen.de\\\/fr\\\/recompenses\\\/meister-werk-nrw\\\/\",\"name\":\"Nobis Printen - R\u00e9compens\u00e9 par le prix d'honneur Meister.Werk.NRW\",\"isPartOf\":{\"@id\":\"https:\\\/\\\/nobis-printen.de\\\/fr\\\/#website\"},\"datePublished\":\"2023-03-23T11:24:03+00:00\",\"dateModified\":\"2023-03-23T11:24:04+00:00\",\"description\":\"Nous avons \u00e9t\u00e9 r\u00e9compens\u00e9s pour la neuvi\u00e8me fois cons\u00e9cutive par le prix d'honneur Meister.Werk.NRW en tant qu'artisanat alimentaire d'excellence.\",\"breadcrumb\":{\"@id\":\"https:\\\/\\\/nobis-printen.de\\\/fr\\\/recompenses\\\/meister-werk-nrw\\\/#breadcrumb\"},\"inLanguage\":\"fr-FR\",\"potentialAction\":[{\"@type\":\"ReadAction\",\"target\":[\"https:\\\/\\\/nobis-printen.de\\\/fr\\\/recompenses\\\/meister-werk-nrw\\\/\"]}]},{\"@type\":\"BreadcrumbList\",\"@id\":\"https:\\\/\\\/nobis-printen.de\\\/fr\\\/recompenses\\\/meister-werk-nrw\\\/#breadcrumb\",\"itemListElement\":[{\"@type\":\"ListItem\",\"position\":1,\"name\":\"Startseite\",\"item\":\"https:\\\/\\\/nobis-printen.de\\\/fr\\\/\"},{\"@type\":\"ListItem\",\"position\":2,\"name\":\"R\u00e9compenses\",\"item\":\"https:\\\/\\\/nobis-printen.de\\\/fr\\\/recompenses\\\/\"},{\"@type\":\"ListItem\",\"position\":3,\"name\":\"MEISTER.WERK.NRW\"}]},{\"@type\":\"WebSite\",\"@id\":\"https:\\\/\\\/nobis-printen.de\\\/fr\\\/#website\",\"url\":\"https:\\\/\\\/nobis-printen.de\\\/fr\\\/\",\"name\":\"Nobis Printen Aachen\",\"description\":\"Printenb\u00e4ckerei Nobis Printen Aachen\",\"potentialAction\":[{\"@type\":\"SearchAction\",\"target\":{\"@type\":\"EntryPoint\",\"urlTemplate\":\"https:\\\/\\\/nobis-printen.de\\\/fr\\\/?s={search_term_string}\"},\"query-input\":{\"@type\":\"PropertyValueSpecification\",\"valueRequired\":true,\"valueName\":\"search_term_string\"}}],\"inLanguage\":\"fr-FR\"}]}<\/script>\n<!-- \/ Yoast SEO plugin. -->","yoast_head_json":{"title":"Nobis Printen - R\u00e9compens\u00e9 par le prix d'honneur Meister.Werk.NRW","description":"Nous avons \u00e9t\u00e9 r\u00e9compens\u00e9s pour la neuvi\u00e8me fois cons\u00e9cutive par le prix d'honneur Meister.Werk.NRW en tant qu'artisanat alimentaire d'excellence.","robots":{"index":"index","follow":"follow","max-snippet":"max-snippet:-1","max-image-preview":"max-image-preview:large","max-video-preview":"max-video-preview:-1"},"canonical":"https:\/\/nobis-printen.de\/fr\/recompenses\/meister-werk-nrw\/","og_locale":"fr_FR","og_type":"article","og_title":"Nobis Printen - R\u00e9compens\u00e9 par le prix d'honneur Meister.Werk.NRW","og_description":"Nous avons \u00e9t\u00e9 r\u00e9compens\u00e9s pour la neuvi\u00e8me fois cons\u00e9cutive par le prix d'honneur Meister.Werk.NRW en tant qu'artisanat alimentaire d'excellence.","og_url":"https:\/\/nobis-printen.de\/fr\/recompenses\/meister-werk-nrw\/","og_site_name":"Nobis Printen Aachen","article_publisher":"https:\/\/www.facebook.com\/nobisprinten","article_modified_time":"2023-03-23T11:24:04+00:00","twitter_card":"summary_large_image","twitter_misc":{"Dur\u00e9e de lecture estim\u00e9e":"10 minutes"},"schema":{"@context":"https:\/\/schema.org","@graph":[{"@type":"WebPage","@id":"https:\/\/nobis-printen.de\/fr\/recompenses\/meister-werk-nrw\/","url":"https:\/\/nobis-printen.de\/fr\/recompenses\/meister-werk-nrw\/","name":"Nobis Printen - R\u00e9compens\u00e9 par le prix d'honneur Meister.Werk.NRW","isPartOf":{"@id":"https:\/\/nobis-printen.de\/fr\/#website"},"datePublished":"2023-03-23T11:24:03+00:00","dateModified":"2023-03-23T11:24:04+00:00","description":"Nous avons \u00e9t\u00e9 r\u00e9compens\u00e9s pour la neuvi\u00e8me fois cons\u00e9cutive par le prix d'honneur Meister.Werk.NRW en tant qu'artisanat alimentaire d'excellence.","breadcrumb":{"@id":"https:\/\/nobis-printen.de\/fr\/recompenses\/meister-werk-nrw\/#breadcrumb"},"inLanguage":"fr-FR","potentialAction":[{"@type":"ReadAction","target":["https:\/\/nobis-printen.de\/fr\/recompenses\/meister-werk-nrw\/"]}]},{"@type":"BreadcrumbList","@id":"https:\/\/nobis-printen.de\/fr\/recompenses\/meister-werk-nrw\/#breadcrumb","itemListElement":[{"@type":"ListItem","position":1,"name":"Startseite","item":"https:\/\/nobis-printen.de\/fr\/"},{"@type":"ListItem","position":2,"name":"R\u00e9compenses","item":"https:\/\/nobis-printen.de\/fr\/recompenses\/"},{"@type":"ListItem","position":3,"name":"MEISTER.WERK.NRW"}]},{"@type":"WebSite","@id":"https:\/\/nobis-printen.de\/fr\/#website","url":"https:\/\/nobis-printen.de\/fr\/","name":"Nobis Printen Aachen","description":"Printenb\u00e4ckerei Nobis Printen Aachen","potentialAction":[{"@type":"SearchAction","target":{"@type":"EntryPoint","urlTemplate":"https:\/\/nobis-printen.de\/fr\/?s={search_term_string}"},"query-input":{"@type":"PropertyValueSpecification","valueRequired":true,"valueName":"search_term_string"}}],"inLanguage":"fr-FR"}]}},"_links":{"self":[{"href":"https:\/\/nobis-printen.de\/fr\/wp-json\/wp\/v2\/pages\/13605","targetHints":{"allow":["GET"]}}],"collection":[{"href":"https:\/\/nobis-printen.de\/fr\/wp-json\/wp\/v2\/pages"}],"about":[{"href":"https:\/\/nobis-printen.de\/fr\/wp-json\/wp\/v2\/types\/page"}],"author":[{"embeddable":true,"href":"https:\/\/nobis-printen.de\/fr\/wp-json\/wp\/v2\/users\/6"}],"replies":[{"embeddable":true,"href":"https:\/\/nobis-printen.de\/fr\/wp-json\/wp\/v2\/comments?post=13605"}],"version-history":[{"count":0,"href":"https:\/\/nobis-printen.de\/fr\/wp-json\/wp\/v2\/pages\/13605\/revisions"}],"up":[{"embeddable":true,"href":"https:\/\/nobis-printen.de\/fr\/wp-json\/wp\/v2\/pages\/13589"}],"wp:attachment":[{"href":"https:\/\/nobis-printen.de\/fr\/wp-json\/wp\/v2\/media?parent=13605"}],"curies":[{"name":"wp","href":"https:\/\/api.w.org\/{rel}","templated":true}]}}