{"id":13527,"date":"2023-03-22T11:57:42","date_gmt":"2023-03-22T10:57:42","guid":{"rendered":"https:\/\/nobis-printen.de\/philosophie\/"},"modified":"2023-03-22T11:57:43","modified_gmt":"2023-03-22T10:57:43","slug":"philosophie","status":"publish","type":"page","link":"https:\/\/nobis-printen.de\/fr\/philosophie\/","title":{"rendered":"Philosophie"},"content":{"rendered":"<p><div class=\"fusion-fullwidth fullwidth-box fusion-builder-row-1 fusion-flex-container nonhundred-percent-fullwidth non-hundred-percent-height-scrolling\" style=\"--awb-border-radius-top-left:0px;--awb-border-radius-top-right:0px;--awb-border-radius-bottom-right:0px;--awb-border-radius-bottom-left:0px;--awb-flex-wrap:wrap;\" ><div class=\"fusion-builder-row fusion-row fusion-flex-align-items-flex-start fusion-flex-align-content-center fusion-flex-content-wrap\" style=\"max-width:1268.8px;margin-left: calc(-4% \/ 2 );margin-right: calc(-4% \/ 2 );\"><div class=\"fusion-layout-column fusion_builder_column fusion-builder-column-0 fusion_builder_column_1_1 1_1 fusion-flex-column\" style=\"--awb-bg-size:cover;--awb-width-large:100%;--awb-margin-top-large:10px;--awb-spacing-right-large:1.92%;--awb-margin-bottom-large:10px;--awb-spacing-left-large:1.92%;--awb-width-medium:100%;--awb-order-medium:0;--awb-spacing-right-medium:1.92%;--awb-spacing-left-medium:1.92%;--awb-width-small:100%;--awb-order-small:0;--awb-spacing-right-small:1.92%;--awb-spacing-left-small:1.92%;\"><div class=\"fusion-column-wrapper fusion-column-has-shadow fusion-flex-justify-content-flex-start fusion-content-layout-column\"><div class=\"fusion-title title fusion-title-1 fusion-sep-none fusion-title-center fusion-title-text fusion-title-size-one\" style=\"--awb-margin-top-small:25px;--awb-margin-right-small:0px;--awb-margin-bottom-small:16px;--awb-margin-left-small:0px;\"><h1 class=\"fusion-title-heading title-heading-center fusion-responsive-typography-calculated\" style=\"margin:0;--fontSize:45;line-height:1.22;\">PHILOSOPHIE<\/h1><\/div><div class=\"fusion-text fusion-text-1\" style=\"--awb-content-alignment:center;\"><p>L&rsquo;AMOUR DE LA TRADITION EST NOTRE MEILLEUR INGR\u00c9DIENT<\/p>\n<\/div><\/div><\/div><\/div><\/div><div class=\"fusion-fullwidth fullwidth-box fusion-builder-row-2 fusion-flex-container nonhundred-percent-fullwidth non-hundred-percent-height-scrolling\" style=\"--awb-border-radius-top-left:0px;--awb-border-radius-top-right:0px;--awb-border-radius-bottom-right:0px;--awb-border-radius-bottom-left:0px;--awb-margin-bottom:50px;--awb-flex-wrap:wrap;\" ><div class=\"fusion-builder-row fusion-row fusion-flex-align-items-flex-start fusion-flex-content-wrap\" style=\"max-width:1268.8px;margin-left: calc(-4% \/ 2 );margin-right: calc(-4% \/ 2 );\"><div class=\"fusion-layout-column fusion_builder_column fusion-builder-column-1 fusion_builder_column_1_2 1_2 fusion-flex-column\" style=\"--awb-bg-size:cover;--awb-width-large:50%;--awb-margin-top-large:10px;--awb-spacing-right-large:3.84%;--awb-margin-bottom-large:10px;--awb-spacing-left-large:3.84%;--awb-width-medium:100%;--awb-order-medium:0;--awb-spacing-right-medium:1.92%;--awb-spacing-left-medium:1.92%;--awb-width-small:100%;--awb-order-small:0;--awb-spacing-right-small:1.92%;--awb-spacing-left-small:1.92%;\"><div class=\"fusion-column-wrapper fusion-column-has-shadow fusion-flex-justify-content-center fusion-content-layout-column\"><div class=\"fusion-title title fusion-title-2 fusion-sep-none fusion-title-text fusion-title-size-three\" style=\"--awb-margin-top-small:25px;--awb-margin-right-small:0px;--awb-margin-bottom-small:16px;--awb-margin-left-small:0px;\"><h3 class=\"fusion-title-heading title-heading-left fusion-responsive-typography-calculated\" style=\"margin:0;--fontSize:22;--minFontSize:22;line-height:1.27;\">Un travail manuel honn\u00eate r\u00e9alis\u00e9 par des ma\u00eetres exp\u00e9riment\u00e9s !<\/h3><\/div><div class=\"fusion-text fusion-text-2\"><p>Nous vivons et aimons la p\u00e2tisserie traditionnelle ! C&rsquo;est pourquoi nous cuisons chaque jour par passion, avec exp\u00e9rience et un savoir-faire artisanal ancestral.<\/p>\n<p>Les m\u00e9langes tout pr\u00eats sont hors de question pour nous. La qualit\u00e9 s\u00e9lectionn\u00e9e des mati\u00e8res premi\u00e8res naturelles et le travail manuel font de nos produits de boulangerie quelque chose de sp\u00e9cial, qui se voit, se sent et se go\u00fbte. Aujourd&rsquo;hui encore, comme depuis des g\u00e9n\u00e9rations, nos ma\u00eetres boulangers* fabriquent eux-m\u00eames, avec beaucoup de calme, notre levain naturel \u00e0 trois \u00e9tapes qui constitue la base de nos pains. Depuis 1858, nous cuisons \u00e9galement nos Printen de la m\u00eame mani\u00e8re traditionnelle.<\/p>\n<p>Notre attention se porte sur la qualit\u00e9. Ce n&rsquo;est qu&rsquo;ainsi que nous pouvons garantir \u00e0 nos clients* le m\u00eame <em>plaisir Nobis<\/em>.<\/p>\n<\/div><\/div><\/div><div class=\"fusion-layout-column fusion_builder_column fusion-builder-column-2 fusion_builder_column_1_2 1_2 fusion-flex-column\" style=\"--awb-bg-size:cover;--awb-width-large:50%;--awb-margin-top-large:20px;--awb-spacing-right-large:3.84%;--awb-margin-bottom-large:10px;--awb-spacing-left-large:3.84%;--awb-width-medium:100%;--awb-order-medium:0;--awb-spacing-right-medium:1.92%;--awb-spacing-left-medium:1.92%;--awb-width-small:100%;--awb-order-small:0;--awb-spacing-right-small:1.92%;--awb-spacing-left-small:1.92%;\"><div class=\"fusion-column-wrapper fusion-column-has-shadow fusion-flex-justify-content-center fusion-content-layout-column\"><div class=\"fusion-separator fusion-full-width-sep\" style=\"align-self: center;margin-left: auto;margin-right: auto;margin-top:50px;width:100%;\"><\/div><div class=\"fusion-image-element \" style=\"--awb-caption-title-font-family:var(--h2_typography-font-family);--awb-caption-title-font-weight:var(--h2_typography-font-weight);--awb-caption-title-font-style:var(--h2_typography-font-style);--awb-caption-title-size:var(--h2_typography-font-size);--awb-caption-title-transform:var(--h2_typography-text-transform);--awb-caption-title-line-height:var(--h2_typography-line-height);--awb-caption-title-letter-spacing:var(--h2_typography-letter-spacing);\"><span class=\" fusion-imageframe imageframe-none imageframe-1 hover-type-none\"><img decoding=\"async\" width=\"773\" height=\"515\" title=\"nobis-baeckermsiter\" src=\"https:\/\/nobis-printen.de\/wp-content\/uploads\/2020\/11\/nobis-baeckermsiter.jpg\" alt class=\"img-responsive wp-image-11274\" srcset=\"https:\/\/nobis-printen.de\/wp-content\/uploads\/2020\/11\/nobis-baeckermsiter-200x133.jpg 200w, https:\/\/nobis-printen.de\/wp-content\/uploads\/2020\/11\/nobis-baeckermsiter-400x266.jpg 400w, https:\/\/nobis-printen.de\/wp-content\/uploads\/2020\/11\/nobis-baeckermsiter-600x400.jpg 600w, https:\/\/nobis-printen.de\/wp-content\/uploads\/2020\/11\/nobis-baeckermsiter.jpg 773w\" sizes=\"(max-width: 1024px) 100vw, (max-width: 640px) 100vw, 600px\" \/><\/span><\/div><div class=\"fusion-separator fusion-full-width-sep\" style=\"align-self: center;margin-left: auto;margin-right: auto;margin-top:20px;width:100%;\"><\/div><div class=\"fusion-text fusion-text-3\" style=\"--awb-content-alignment:center;\"><p>L&rsquo;artisanat comme garantie de qualit\u00e9<\/p>\n<\/div><\/div><\/div><\/div><\/div><div class=\"fusion-fullwidth fullwidth-box fusion-builder-row-3 fusion-flex-container nonhundred-percent-fullwidth non-hundred-percent-height-scrolling\" style=\"--awb-border-radius-top-left:0px;--awb-border-radius-top-right:0px;--awb-border-radius-bottom-right:0px;--awb-border-radius-bottom-left:0px;--awb-margin-bottom:50px;--awb-flex-wrap:wrap;\" ><div class=\"fusion-builder-row fusion-row fusion-flex-align-items-flex-start fusion-flex-content-wrap\" style=\"max-width:1268.8px;margin-left: calc(-4% \/ 2 );margin-right: calc(-4% \/ 2 );\"><div class=\"fusion-layout-column fusion_builder_column fusion-builder-column-3 fusion_builder_column_1_2 1_2 fusion-flex-column\" style=\"--awb-bg-size:cover;--awb-width-large:50%;--awb-margin-top-large:10px;--awb-spacing-right-large:3.84%;--awb-margin-bottom-large:10px;--awb-spacing-left-large:3.84%;--awb-width-medium:100%;--awb-order-medium:0;--awb-spacing-right-medium:1.92%;--awb-spacing-left-medium:1.92%;--awb-width-small:100%;--awb-order-small:0;--awb-spacing-right-small:1.92%;--awb-spacing-left-small:1.92%;\"><div class=\"fusion-column-wrapper fusion-column-has-shadow fusion-flex-justify-content-flex-start fusion-content-layout-column\"><div class=\"fusion-separator fusion-full-width-sep\" style=\"align-self: center;margin-left: auto;margin-right: auto;margin-top:50px;width:100%;\"><\/div><div class=\"fusion-image-element \" style=\"--awb-caption-title-font-family:var(--h2_typography-font-family);--awb-caption-title-font-weight:var(--h2_typography-font-weight);--awb-caption-title-font-style:var(--h2_typography-font-style);--awb-caption-title-size:var(--h2_typography-font-size);--awb-caption-title-transform:var(--h2_typography-text-transform);--awb-caption-title-line-height:var(--h2_typography-line-height);--awb-caption-title-letter-spacing:var(--h2_typography-letter-spacing);\"><span class=\" fusion-imageframe imageframe-none imageframe-2 hover-type-none\"><img decoding=\"async\" width=\"1024\" height=\"595\" title=\"Classenstra\u00dfe-1024&#215;595\" src=\"https:\/\/nobis-printen.de\/wp-content\/uploads\/2020\/11\/Classenstrasse-1024x595-1.jpg\" alt class=\"img-responsive wp-image-11276\" srcset=\"https:\/\/nobis-printen.de\/wp-content\/uploads\/2020\/11\/Classenstrasse-1024x595-1-200x116.jpg 200w, https:\/\/nobis-printen.de\/wp-content\/uploads\/2020\/11\/Classenstrasse-1024x595-1-400x232.jpg 400w, https:\/\/nobis-printen.de\/wp-content\/uploads\/2020\/11\/Classenstrasse-1024x595-1-600x349.jpg 600w, https:\/\/nobis-printen.de\/wp-content\/uploads\/2020\/11\/Classenstrasse-1024x595-1-800x465.jpg 800w, https:\/\/nobis-printen.de\/wp-content\/uploads\/2020\/11\/Classenstrasse-1024x595-1.jpg 1024w\" sizes=\"(max-width: 1024px) 100vw, (max-width: 640px) 100vw, 600px\" \/><\/span><\/div><\/div><\/div><div class=\"fusion-layout-column fusion_builder_column fusion-builder-column-4 fusion_builder_column_1_2 1_2 fusion-flex-column\" style=\"--awb-bg-size:cover;--awb-width-large:50%;--awb-margin-top-large:10px;--awb-spacing-right-large:3.84%;--awb-margin-bottom-large:10px;--awb-spacing-left-large:3.84%;--awb-width-medium:100%;--awb-order-medium:0;--awb-spacing-right-medium:1.92%;--awb-spacing-left-medium:1.92%;--awb-width-small:100%;--awb-order-small:0;--awb-spacing-right-small:1.92%;--awb-spacing-left-small:1.92%;\"><div class=\"fusion-column-wrapper fusion-column-has-shadow fusion-flex-justify-content-flex-start fusion-content-layout-column\"><div class=\"fusion-title title fusion-title-3 fusion-sep-none fusion-title-text fusion-title-size-three\" style=\"--awb-margin-top-small:25px;--awb-margin-right-small:0px;--awb-margin-bottom-small:16px;--awb-margin-left-small:0px;\"><h3 class=\"fusion-title-heading title-heading-left fusion-responsive-typography-calculated\" style=\"margin:0;--fontSize:22;--minFontSize:22;line-height:1.27;\">Point central : le client* !<\/h3><\/div><div class=\"fusion-text fusion-text-4\"><p>La satisfaction de nos clients* est l&rsquo;objectif quotidien de notre \u00e9quipe comp\u00e9tente. L&rsquo;hygi\u00e8ne et la propret\u00e9 sont importantes pour nous lors de la manipulation d\u00e9licate de nos produits de boulangerie.<\/p>\n<p>Nous nous effor\u00e7ons toujours de rendre l&rsquo;achat et le s\u00e9jour dans nos boulangeries aussi agr\u00e9ables que possible gr\u00e2ce \u00e0 une amabilit\u00e9 pr\u00e9venante, une comp\u00e9tence professionnelle et une atmosph\u00e8re agr\u00e9able.<\/p>\n<p>Laissez-vous s\u00e9duire et appr\u00e9ciez le go\u00fbt !<\/p>\n<\/div><\/div><\/div><\/div><\/div><\/p>\n","protected":false},"excerpt":{"rendered":"","protected":false},"author":1,"featured_media":11526,"parent":0,"menu_order":0,"comment_status":"closed","ping_status":"closed","template":"","meta":{"_acf_changed":false,"footnotes":""},"class_list":["post-13527","page","type-page","status-publish","has-post-thumbnail","hentry"],"acf":[],"yoast_head":"<!-- This site is optimized with the Yoast SEO plugin v27.3 - https:\/\/yoast.com\/product\/yoast-seo-wordpress\/ -->\n<title>Nobis Printen - Notre philosophie et ce qui nous motive<\/title>\n<meta name=\"description\" content=\"La philosophie derri\u00e8re Nobis est l&#039;amour de la tradition et le travail manuel honn\u00eate dans tous nos produits de boulangerie. C&#039;est ce qui nous motive !\" \/>\n<meta name=\"robots\" content=\"index, follow, max-snippet:-1, max-image-preview:large, max-video-preview:-1\" \/>\n<link rel=\"canonical\" href=\"https:\/\/nobis-printen.de\/fr\/philosophie\/\" \/>\n<meta property=\"og:locale\" content=\"fr_FR\" \/>\n<meta property=\"og:type\" content=\"article\" \/>\n<meta property=\"og:title\" content=\"Nobis Printen - Notre philosophie et ce qui nous motive\" \/>\n<meta property=\"og:description\" content=\"La philosophie derri\u00e8re Nobis est l&#039;amour de la tradition et le travail manuel honn\u00eate dans tous nos produits de boulangerie. C&#039;est ce qui nous motive !\" \/>\n<meta property=\"og:url\" content=\"https:\/\/nobis-printen.de\/fr\/philosophie\/\" \/>\n<meta property=\"og:site_name\" content=\"Nobis Printen Aachen\" \/>\n<meta property=\"article:publisher\" content=\"https:\/\/www.facebook.com\/nobisprinten\" \/>\n<meta property=\"article:modified_time\" content=\"2023-03-22T10:57:43+00:00\" \/>\n<meta property=\"og:image\" content=\"https:\/\/nobis-printen.de\/wp-content\/uploads\/2020\/11\/nobis-baeckermsiter-1.jpg\" \/>\n\t<meta property=\"og:image:width\" content=\"773\" \/>\n\t<meta property=\"og:image:height\" content=\"515\" \/>\n\t<meta property=\"og:image:type\" content=\"image\/jpeg\" \/>\n<meta name=\"twitter:card\" content=\"summary_large_image\" \/>\n<meta name=\"twitter:label1\" content=\"Dur\u00e9e de lecture estim\u00e9e\" \/>\n\t<meta name=\"twitter:data1\" content=\"16 minutes\" \/>\n<script type=\"application\/ld+json\" class=\"yoast-schema-graph\">{\"@context\":\"https:\\\/\\\/schema.org\",\"@graph\":[{\"@type\":\"WebPage\",\"@id\":\"https:\\\/\\\/nobis-printen.de\\\/fr\\\/philosophie\\\/\",\"url\":\"https:\\\/\\\/nobis-printen.de\\\/fr\\\/philosophie\\\/\",\"name\":\"Nobis Printen - Notre philosophie et ce qui nous motive\",\"isPartOf\":{\"@id\":\"https:\\\/\\\/nobis-printen.de\\\/fr\\\/#website\"},\"primaryImageOfPage\":{\"@id\":\"https:\\\/\\\/nobis-printen.de\\\/fr\\\/philosophie\\\/#primaryimage\"},\"image\":{\"@id\":\"https:\\\/\\\/nobis-printen.de\\\/fr\\\/philosophie\\\/#primaryimage\"},\"thumbnailUrl\":\"https:\\\/\\\/nobis-printen.de\\\/wp-content\\\/uploads\\\/2020\\\/11\\\/nobis-baeckermsiter-1.jpg\",\"datePublished\":\"2023-03-22T10:57:42+00:00\",\"dateModified\":\"2023-03-22T10:57:43+00:00\",\"description\":\"La philosophie derri\u00e8re Nobis est l'amour de la tradition et le travail manuel honn\u00eate dans tous nos produits de boulangerie. C'est ce qui nous motive !\",\"breadcrumb\":{\"@id\":\"https:\\\/\\\/nobis-printen.de\\\/fr\\\/philosophie\\\/#breadcrumb\"},\"inLanguage\":\"fr-FR\",\"potentialAction\":[{\"@type\":\"ReadAction\",\"target\":[\"https:\\\/\\\/nobis-printen.de\\\/fr\\\/philosophie\\\/\"]}]},{\"@type\":\"ImageObject\",\"inLanguage\":\"fr-FR\",\"@id\":\"https:\\\/\\\/nobis-printen.de\\\/fr\\\/philosophie\\\/#primaryimage\",\"url\":\"https:\\\/\\\/nobis-printen.de\\\/wp-content\\\/uploads\\\/2020\\\/11\\\/nobis-baeckermsiter-1.jpg\",\"contentUrl\":\"https:\\\/\\\/nobis-printen.de\\\/wp-content\\\/uploads\\\/2020\\\/11\\\/nobis-baeckermsiter-1.jpg\",\"width\":773,\"height\":515,\"caption\":\"Foto Backstube Croissants - Nobis Printen Aachen\"},{\"@type\":\"BreadcrumbList\",\"@id\":\"https:\\\/\\\/nobis-printen.de\\\/fr\\\/philosophie\\\/#breadcrumb\",\"itemListElement\":[{\"@type\":\"ListItem\",\"position\":1,\"name\":\"Startseite\",\"item\":\"https:\\\/\\\/nobis-printen.de\\\/fr\\\/\"},{\"@type\":\"ListItem\",\"position\":2,\"name\":\"Philosophie\"}]},{\"@type\":\"WebSite\",\"@id\":\"https:\\\/\\\/nobis-printen.de\\\/fr\\\/#website\",\"url\":\"https:\\\/\\\/nobis-printen.de\\\/fr\\\/\",\"name\":\"Nobis Printen Aachen\",\"description\":\"Printenb\u00e4ckerei Nobis Printen Aachen\",\"potentialAction\":[{\"@type\":\"SearchAction\",\"target\":{\"@type\":\"EntryPoint\",\"urlTemplate\":\"https:\\\/\\\/nobis-printen.de\\\/fr\\\/?s={search_term_string}\"},\"query-input\":{\"@type\":\"PropertyValueSpecification\",\"valueRequired\":true,\"valueName\":\"search_term_string\"}}],\"inLanguage\":\"fr-FR\"}]}<\/script>\n<!-- \/ Yoast SEO plugin. -->","yoast_head_json":{"title":"Nobis Printen - Notre philosophie et ce qui nous motive","description":"La philosophie derri\u00e8re Nobis est l'amour de la tradition et le travail manuel honn\u00eate dans tous nos produits de boulangerie. C'est ce qui nous motive !","robots":{"index":"index","follow":"follow","max-snippet":"max-snippet:-1","max-image-preview":"max-image-preview:large","max-video-preview":"max-video-preview:-1"},"canonical":"https:\/\/nobis-printen.de\/fr\/philosophie\/","og_locale":"fr_FR","og_type":"article","og_title":"Nobis Printen - Notre philosophie et ce qui nous motive","og_description":"La philosophie derri\u00e8re Nobis est l'amour de la tradition et le travail manuel honn\u00eate dans tous nos produits de boulangerie. C'est ce qui nous motive !","og_url":"https:\/\/nobis-printen.de\/fr\/philosophie\/","og_site_name":"Nobis Printen Aachen","article_publisher":"https:\/\/www.facebook.com\/nobisprinten","article_modified_time":"2023-03-22T10:57:43+00:00","og_image":[{"width":773,"height":515,"url":"https:\/\/nobis-printen.de\/wp-content\/uploads\/2020\/11\/nobis-baeckermsiter-1.jpg","type":"image\/jpeg"}],"twitter_card":"summary_large_image","twitter_misc":{"Dur\u00e9e de lecture estim\u00e9e":"16 minutes"},"schema":{"@context":"https:\/\/schema.org","@graph":[{"@type":"WebPage","@id":"https:\/\/nobis-printen.de\/fr\/philosophie\/","url":"https:\/\/nobis-printen.de\/fr\/philosophie\/","name":"Nobis Printen - Notre philosophie et ce qui nous motive","isPartOf":{"@id":"https:\/\/nobis-printen.de\/fr\/#website"},"primaryImageOfPage":{"@id":"https:\/\/nobis-printen.de\/fr\/philosophie\/#primaryimage"},"image":{"@id":"https:\/\/nobis-printen.de\/fr\/philosophie\/#primaryimage"},"thumbnailUrl":"https:\/\/nobis-printen.de\/wp-content\/uploads\/2020\/11\/nobis-baeckermsiter-1.jpg","datePublished":"2023-03-22T10:57:42+00:00","dateModified":"2023-03-22T10:57:43+00:00","description":"La philosophie derri\u00e8re Nobis est l'amour de la tradition et le travail manuel honn\u00eate dans tous nos produits de boulangerie. C'est ce qui nous motive !","breadcrumb":{"@id":"https:\/\/nobis-printen.de\/fr\/philosophie\/#breadcrumb"},"inLanguage":"fr-FR","potentialAction":[{"@type":"ReadAction","target":["https:\/\/nobis-printen.de\/fr\/philosophie\/"]}]},{"@type":"ImageObject","inLanguage":"fr-FR","@id":"https:\/\/nobis-printen.de\/fr\/philosophie\/#primaryimage","url":"https:\/\/nobis-printen.de\/wp-content\/uploads\/2020\/11\/nobis-baeckermsiter-1.jpg","contentUrl":"https:\/\/nobis-printen.de\/wp-content\/uploads\/2020\/11\/nobis-baeckermsiter-1.jpg","width":773,"height":515,"caption":"Foto Backstube Croissants - Nobis Printen Aachen"},{"@type":"BreadcrumbList","@id":"https:\/\/nobis-printen.de\/fr\/philosophie\/#breadcrumb","itemListElement":[{"@type":"ListItem","position":1,"name":"Startseite","item":"https:\/\/nobis-printen.de\/fr\/"},{"@type":"ListItem","position":2,"name":"Philosophie"}]},{"@type":"WebSite","@id":"https:\/\/nobis-printen.de\/fr\/#website","url":"https:\/\/nobis-printen.de\/fr\/","name":"Nobis Printen Aachen","description":"Printenb\u00e4ckerei Nobis Printen Aachen","potentialAction":[{"@type":"SearchAction","target":{"@type":"EntryPoint","urlTemplate":"https:\/\/nobis-printen.de\/fr\/?s={search_term_string}"},"query-input":{"@type":"PropertyValueSpecification","valueRequired":true,"valueName":"search_term_string"}}],"inLanguage":"fr-FR"}]}},"_links":{"self":[{"href":"https:\/\/nobis-printen.de\/fr\/wp-json\/wp\/v2\/pages\/13527","targetHints":{"allow":["GET"]}}],"collection":[{"href":"https:\/\/nobis-printen.de\/fr\/wp-json\/wp\/v2\/pages"}],"about":[{"href":"https:\/\/nobis-printen.de\/fr\/wp-json\/wp\/v2\/types\/page"}],"author":[{"embeddable":true,"href":"https:\/\/nobis-printen.de\/fr\/wp-json\/wp\/v2\/users\/1"}],"replies":[{"embeddable":true,"href":"https:\/\/nobis-printen.de\/fr\/wp-json\/wp\/v2\/comments?post=13527"}],"version-history":[{"count":0,"href":"https:\/\/nobis-printen.de\/fr\/wp-json\/wp\/v2\/pages\/13527\/revisions"}],"wp:featuredmedia":[{"embeddable":true,"href":"https:\/\/nobis-printen.de\/fr\/wp-json\/wp\/v2\/media\/11526"}],"wp:attachment":[{"href":"https:\/\/nobis-printen.de\/fr\/wp-json\/wp\/v2\/media?parent=13527"}],"curies":[{"name":"wp","href":"https:\/\/api.w.org\/{rel}","templated":true}]}}